{"id":45,"date":"2026-03-24T16:16:56","date_gmt":"2026-03-24T16:16:56","guid":{"rendered":"https:\/\/margauxseon.fr\/?page_id=45"},"modified":"2026-05-04T18:07:59","modified_gmt":"2026-05-04T18:07:59","slug":"podcasts","status":"publish","type":"page","link":"https:\/\/margauxseon.fr\/?page_id=45","title":{"rendered":"Podcasts"},"content":{"rendered":"\t\t<div data-elementor-type=\"wp-page\" data-elementor-id=\"45\" class=\"elementor elementor-45\">\n\t\t\t\t<div class=\"elementor-element elementor-element-1668b60 e-flex e-con-boxed e-con e-parent\" data-id=\"1668b60\" data-element_type=\"container\" data-e-type=\"container\">\n\t\t\t\t\t<div class=\"e-con-inner\">\n\t\t\t\t\t<\/div>\n\t\t\t\t<\/div>\n\t\t<div class=\"elementor-element elementor-element-cbb35c5 e-flex e-con-boxed e-con e-parent\" data-id=\"cbb35c5\" data-element_type=\"container\" data-e-type=\"container\">\n\t\t\t\t\t<div class=\"e-con-inner\">\n\t\t\t\t<div class=\"elementor-element elementor-element-f44a88e elementor-widget-divider--view-line elementor-widget elementor-widget-divider\" data-id=\"f44a88e\" data-element_type=\"widget\" data-e-type=\"widget\" data-widget_type=\"divider.default\">\n\t\t\t\t\t\t\t<div class=\"elementor-divider\">\n\t\t\t<span class=\"elementor-divider-separator\">\n\t\t\t\t\t\t<\/span>\n\t\t<\/div>\n\t\t\t\t\t\t<\/div>\n\t\t\t\t\t<\/div>\n\t\t\t\t<\/div>\n\t\t<div class=\"elementor-element elementor-element-f56e788 e-flex e-con-boxed e-con e-parent\" data-id=\"f56e788\" data-element_type=\"container\" data-e-type=\"container\">\n\t\t\t\t\t<div class=\"e-con-inner\">\n\t\t\t\t<div class=\"elementor-element elementor-element-08760a4 elementor-widget elementor-widget-heading\" data-id=\"08760a4\" data-element_type=\"widget\" data-e-type=\"widget\" data-widget_type=\"heading.default\">\n\t\t\t\t\t<h4 class=\"elementor-heading-title elementor-size-default\">Les Menstruelles - Faire le plein d'amour<\/h4>\t\t\t\t<\/div>\n\t\t\t\t<div class=\"elementor-element elementor-element-f1a36d0 elementor-widget elementor-widget-image\" data-id=\"f1a36d0\" data-element_type=\"widget\" data-e-type=\"widget\" data-widget_type=\"image.default\">\n\t\t\t\t\t\t\t\t\t\t\t\t\t\t\t<img decoding=\"async\" width=\"300\" height=\"100\" src=\"https:\/\/margauxseon.fr\/wp-content\/uploads\/2026\/04\/FLPA-coeurs-300x100.png\" class=\"attachment-medium size-medium wp-image-197\" alt=\"\" srcset=\"https:\/\/margauxseon.fr\/wp-content\/uploads\/2026\/04\/FLPA-coeurs-300x100.png 300w, https:\/\/margauxseon.fr\/wp-content\/uploads\/2026\/04\/FLPA-coeurs-1024x342.png 1024w, https:\/\/margauxseon.fr\/wp-content\/uploads\/2026\/04\/FLPA-coeurs-768x256.png 768w, https:\/\/margauxseon.fr\/wp-content\/uploads\/2026\/04\/FLPA-coeurs-1536x512.png 1536w, https:\/\/margauxseon.fr\/wp-content\/uploads\/2026\/04\/FLPA-coeurs-2048x683.png 2048w\" sizes=\"(max-width: 300px) 100vw, 300px\" \/>\t\t\t\t\t\t\t\t\t\t\t\t\t\t\t<\/div>\n\t\t\t\t\t<\/div>\n\t\t\t\t<\/div>\n\t\t<div class=\"elementor-element elementor-element-a3a881e e-flex e-con-boxed e-con e-parent\" data-id=\"a3a881e\" data-element_type=\"container\" data-e-type=\"container\">\n\t\t\t\t\t<div class=\"e-con-inner\">\n\t\t<div class=\"elementor-element elementor-element-64d1f6e e-con-full e-flex e-con e-child\" data-id=\"64d1f6e\" data-element_type=\"container\" data-e-type=\"container\">\n\t\t\t\t<div class=\"elementor-element elementor-element-a9c469c elementor-widget__width-inherit elementor-widget elementor-widget-wp-widget-media_audio\" data-id=\"a9c469c\" data-element_type=\"widget\" data-e-type=\"widget\" data-widget_type=\"wp-widget-media_audio.default\">\n\t\t\t\t<div class=\"elementor-widget-container\">\n\t\t\t\t\t<h5>Episode #1<\/h5><audio class=\"wp-audio-shortcode\" id=\"audio-45-1\" preload=\"none\" style=\"width: 100%;\" controls=\"controls\"><source type=\"audio\/mpeg\" src=\"https:\/\/margauxseon.fr\/wp-content\/uploads\/2026\/04\/Les_menstruelles_1.mp3?_=1\" \/><source type=\"audio\/mpeg\" src=\"https:\/\/margauxseon.fr\/wp-content\/uploads\/2026\/04\/Les_menstruelles_1.mp3?_=1\" \/><a href=\"https:\/\/margauxseon.fr\/wp-content\/uploads\/2026\/04\/Les_menstruelles_1.mp3\">https:\/\/margauxseon.fr\/wp-content\/uploads\/2026\/04\/Les_menstruelles_1.mp3<\/a><\/audio>\t\t\t\t<\/div>\n\t\t\t\t<\/div>\n\t\t\t\t<\/div>\n\t\t<div class=\"elementor-element elementor-element-b5c0b44 e-con-full e-flex e-con e-child\" data-id=\"b5c0b44\" data-element_type=\"container\" data-e-type=\"container\">\n\t\t\t\t<div class=\"elementor-element elementor-element-78227f9 elementor-widget__width-inherit elementor-widget elementor-widget-wp-widget-media_audio\" data-id=\"78227f9\" data-element_type=\"widget\" data-e-type=\"widget\" data-widget_type=\"wp-widget-media_audio.default\">\n\t\t\t\t<div class=\"elementor-widget-container\">\n\t\t\t\t\t<h5>Episode #2<\/h5><audio class=\"wp-audio-shortcode\" id=\"audio-45-2\" preload=\"none\" style=\"width: 100%;\" controls=\"controls\"><source type=\"audio\/mpeg\" src=\"https:\/\/margauxseon.fr\/wp-content\/uploads\/2026\/04\/Les_menstruelles_2.mp3?_=2\" \/><source type=\"audio\/mpeg\" src=\"https:\/\/margauxseon.fr\/wp-content\/uploads\/2026\/04\/Les_menstruelles_2.mp3?_=2\" \/><a href=\"https:\/\/margauxseon.fr\/wp-content\/uploads\/2026\/04\/Les_menstruelles_2.mp3\">https:\/\/margauxseon.fr\/wp-content\/uploads\/2026\/04\/Les_menstruelles_2.mp3<\/a><\/audio>\t\t\t\t<\/div>\n\t\t\t\t<\/div>\n\t\t\t\t<\/div>\n\t\t<div class=\"elementor-element elementor-element-e1cb4c8 e-con-full e-flex e-con e-child\" data-id=\"e1cb4c8\" data-element_type=\"container\" data-e-type=\"container\">\n\t\t\t\t<div class=\"elementor-element elementor-element-d01fe2b elementor-widget__width-inherit elementor-widget elementor-widget-wp-widget-media_audio\" data-id=\"d01fe2b\" data-element_type=\"widget\" data-e-type=\"widget\" data-widget_type=\"wp-widget-media_audio.default\">\n\t\t\t\t<div class=\"elementor-widget-container\">\n\t\t\t\t\t<h5>Episode #3<\/h5><audio class=\"wp-audio-shortcode\" id=\"audio-45-3\" preload=\"none\" style=\"width: 100%;\" controls=\"controls\"><source type=\"audio\/mpeg\" src=\"https:\/\/margauxseon.fr\/wp-content\/uploads\/2026\/04\/Les_menstruelles_3.mp3?_=3\" \/><source type=\"audio\/mpeg\" src=\"https:\/\/margauxseon.fr\/wp-content\/uploads\/2026\/04\/Les_menstruelles_3.mp3?_=3\" \/><a href=\"https:\/\/margauxseon.fr\/wp-content\/uploads\/2026\/04\/Les_menstruelles_3.mp3\">https:\/\/margauxseon.fr\/wp-content\/uploads\/2026\/04\/Les_menstruelles_3.mp3<\/a><\/audio>\t\t\t\t<\/div>\n\t\t\t\t<\/div>\n\t\t\t\t<\/div>\n\t\t<div class=\"elementor-element elementor-element-4c93da2 e-con-full e-flex e-con e-child\" data-id=\"4c93da2\" data-element_type=\"container\" data-e-type=\"container\">\n\t\t\t\t<div class=\"elementor-element elementor-element-ba5b51c elementor-widget__width-inherit elementor-widget elementor-widget-wp-widget-media_audio\" data-id=\"ba5b51c\" data-element_type=\"widget\" data-e-type=\"widget\" data-widget_type=\"wp-widget-media_audio.default\">\n\t\t\t\t<div class=\"elementor-widget-container\">\n\t\t\t\t\t<h5>Episode #4<\/h5><audio class=\"wp-audio-shortcode\" id=\"audio-45-4\" preload=\"none\" style=\"width: 100%;\" controls=\"controls\"><source type=\"audio\/mpeg\" src=\"https:\/\/margauxseon.fr\/wp-content\/uploads\/2026\/04\/Les_menstruelles_4.mp3?_=4\" \/><source type=\"audio\/mpeg\" src=\"https:\/\/margauxseon.fr\/wp-content\/uploads\/2026\/04\/Les_menstruelles_4.mp3?_=4\" \/><a href=\"https:\/\/margauxseon.fr\/wp-content\/uploads\/2026\/04\/Les_menstruelles_4.mp3\">https:\/\/margauxseon.fr\/wp-content\/uploads\/2026\/04\/Les_menstruelles_4.mp3<\/a><\/audio>\t\t\t\t<\/div>\n\t\t\t\t<\/div>\n\t\t\t\t<\/div>\n\t\t\t\t\t<\/div>\n\t\t\t\t<\/div>\n\t\t<div class=\"elementor-element elementor-element-96a3bcf e-flex e-con-boxed e-con e-parent\" data-id=\"96a3bcf\" data-element_type=\"container\" data-e-type=\"container\">\n\t\t\t\t\t<div class=\"e-con-inner\">\n\t\t\t\t<div class=\"elementor-element elementor-element-273778b elementor-widget elementor-widget-text-editor\" data-id=\"273778b\" data-element_type=\"widget\" data-e-type=\"widget\" data-widget_type=\"text-editor.default\">\n\t\t\t\t\t\t\t\t\t<p>aussi disponible sur <a href=\"https:\/\/canalb.fr\/gymnastiquesonore\/6946\">Canal B<\/a><\/p>\t\t\t\t\t\t\t\t<\/div>\n\t\t\t\t\t<\/div>\n\t\t\t\t<\/div>\n\t\t<div class=\"elementor-element elementor-element-d493b1b e-flex e-con-boxed e-con e-parent\" data-id=\"d493b1b\" data-element_type=\"container\" data-e-type=\"container\">\n\t\t\t\t\t<div class=\"e-con-inner\">\n\t\t\t\t<div class=\"elementor-element elementor-element-edb9959 elementor-widget-divider--view-line elementor-widget elementor-widget-divider\" data-id=\"edb9959\" data-element_type=\"widget\" data-e-type=\"widget\" data-widget_type=\"divider.default\">\n\t\t\t\t\t\t\t<div class=\"elementor-divider\">\n\t\t\t<span class=\"elementor-divider-separator\">\n\t\t\t\t\t\t<\/span>\n\t\t<\/div>\n\t\t\t\t\t\t<\/div>\n\t\t\t\t\t<\/div>\n\t\t\t\t<\/div>\n\t\t<div class=\"elementor-element elementor-element-6e4b556 e-flex e-con-boxed e-con e-parent\" data-id=\"6e4b556\" data-element_type=\"container\" data-e-type=\"container\">\n\t\t\t\t\t<div class=\"e-con-inner\">\n\t\t\t\t<div class=\"elementor-element elementor-element-6b0a0cf elementor-widget elementor-widget-heading\" data-id=\"6b0a0cf\" data-element_type=\"widget\" data-e-type=\"widget\" data-widget_type=\"heading.default\">\n\t\t\t\t\t<h4 class=\"elementor-heading-title elementor-size-default\">S'\u00e9duquer \u00e0 la sexualit\u00e9<\/h4>\t\t\t\t<\/div>\n\t\t\t\t<div class=\"elementor-element elementor-element-efddb74 elementor-widget elementor-widget-text-editor\" data-id=\"efddb74\" data-element_type=\"widget\" data-e-type=\"widget\" data-widget_type=\"text-editor.default\">\n\t\t\t\t\t\t\t\t\t<p>Podcast r\u00e9alis\u00e9 avec Femmes solidaires Valence<\/p>\t\t\t\t\t\t\t\t<\/div>\n\t\t\t\t\t<\/div>\n\t\t\t\t<\/div>\n\t\t<div class=\"elementor-element elementor-element-48de3c2 e-flex e-con-boxed e-con e-parent\" data-id=\"48de3c2\" data-element_type=\"container\" data-e-type=\"container\">\n\t\t\t\t\t<div class=\"e-con-inner\">\n\t\t<div class=\"elementor-element elementor-element-c4075d2 e-con-full e-flex e-con e-child\" data-id=\"c4075d2\" data-element_type=\"container\" data-e-type=\"container\">\n\t\t\t\t<div class=\"elementor-element elementor-element-6757c62 elementor-widget elementor-widget-image\" data-id=\"6757c62\" data-element_type=\"widget\" data-e-type=\"widget\" data-widget_type=\"image.default\">\n\t\t\t\t\t\t\t\t\t\t\t\t\t\t\t<img decoding=\"async\" width=\"150\" height=\"150\" src=\"https:\/\/margauxseon.fr\/wp-content\/uploads\/2026\/04\/visuel-150x150.jpg\" class=\"attachment-thumbnail size-thumbnail wp-image-167\" alt=\"\" srcset=\"https:\/\/margauxseon.fr\/wp-content\/uploads\/2026\/04\/visuel-150x150.jpg 150w, https:\/\/margauxseon.fr\/wp-content\/uploads\/2026\/04\/visuel-300x300.jpg 300w, https:\/\/margauxseon.fr\/wp-content\/uploads\/2026\/04\/visuel-1024x1024.jpg 1024w, https:\/\/margauxseon.fr\/wp-content\/uploads\/2026\/04\/visuel-768x768.jpg 768w, https:\/\/margauxseon.fr\/wp-content\/uploads\/2026\/04\/visuel-1536x1536.jpg 1536w, https:\/\/margauxseon.fr\/wp-content\/uploads\/2026\/04\/visuel-600x600.jpg 600w, https:\/\/margauxseon.fr\/wp-content\/uploads\/2026\/04\/visuel.jpg 2000w\" sizes=\"(max-width: 150px) 100vw, 150px\" \/>\t\t\t\t\t\t\t\t\t\t\t\t\t\t\t<\/div>\n\t\t\t\t<\/div>\n\t\t<div class=\"elementor-element elementor-element-9753b36 e-con-full e-flex e-con e-child\" data-id=\"9753b36\" data-element_type=\"container\" data-e-type=\"container\">\n\t\t\t\t<div class=\"elementor-element elementor-element-d160a65 elementor-widget__width-inherit elementor-widget elementor-widget-wp-widget-media_audio\" data-id=\"d160a65\" data-element_type=\"widget\" data-e-type=\"widget\" data-widget_type=\"wp-widget-media_audio.default\">\n\t\t\t\t<div class=\"elementor-widget-container\">\n\t\t\t\t\t<h5>\u00c9pisode #1<\/h5><audio class=\"wp-audio-shortcode\" id=\"audio-45-5\" preload=\"none\" style=\"width: 100%;\" controls=\"controls\"><source type=\"audio\/mpeg\" src=\"https:\/\/margauxseon.fr\/wp-content\/uploads\/2026\/04\/Les_menstruelles_1.mp3?_=5\" \/><source type=\"audio\/mpeg\" src=\"https:\/\/margauxseon.fr\/wp-content\/uploads\/2026\/04\/Les_menstruelles_1.mp3?_=5\" \/><a href=\"https:\/\/margauxseon.fr\/wp-content\/uploads\/2026\/04\/Les_menstruelles_1.mp3\">https:\/\/margauxseon.fr\/wp-content\/uploads\/2026\/04\/Les_menstruelles_1.mp3<\/a><\/audio>\t\t\t\t<\/div>\n\t\t\t\t<\/div>\n\t\t\t\t<\/div>\n\t\t<div class=\"elementor-element elementor-element-fbb376b e-con-full e-flex e-con e-child\" data-id=\"fbb376b\" data-element_type=\"container\" data-e-type=\"container\">\n\t\t\t\t<div class=\"elementor-element elementor-element-ebf1df4 elementor-widget__width-inherit elementor-widget elementor-widget-wp-widget-media_audio\" data-id=\"ebf1df4\" data-element_type=\"widget\" data-e-type=\"widget\" data-widget_type=\"wp-widget-media_audio.default\">\n\t\t\t\t<div class=\"elementor-widget-container\">\n\t\t\t\t\t<h5>Episode #2<\/h5><audio class=\"wp-audio-shortcode\" id=\"audio-45-6\" preload=\"none\" style=\"width: 100%;\" controls=\"controls\"><source type=\"audio\/wav\" src=\"https:\/\/margauxseon.fr\/wp-content\/uploads\/2026\/05\/seduquer_a_la_sexualite_EP02.wav?_=6\" \/><source type=\"audio\/wav\" src=\"https:\/\/margauxseon.fr\/wp-content\/uploads\/2026\/05\/seduquer_a_la_sexualite_EP02.wav?_=6\" \/><a href=\"https:\/\/margauxseon.fr\/wp-content\/uploads\/2026\/05\/seduquer_a_la_sexualite_EP02.wav\">https:\/\/margauxseon.fr\/wp-content\/uploads\/2026\/05\/seduquer_a_la_sexualite_EP02.wav<\/a><\/audio>\t\t\t\t<\/div>\n\t\t\t\t<\/div>\n\t\t\t\t<\/div>\n\t\t<div class=\"elementor-element elementor-element-03cf063 e-con-full e-flex e-con e-child\" data-id=\"03cf063\" data-element_type=\"container\" data-e-type=\"container\">\n\t\t\t\t<div class=\"elementor-element elementor-element-649ddd3 elementor-widget__width-inherit elementor-widget elementor-widget-wp-widget-media_audio\" data-id=\"649ddd3\" data-element_type=\"widget\" data-e-type=\"widget\" data-widget_type=\"wp-widget-media_audio.default\">\n\t\t\t\t<div class=\"elementor-widget-container\">\n\t\t\t\t\t<h5>Episode #3<\/h5><audio class=\"wp-audio-shortcode\" id=\"audio-45-7\" preload=\"none\" style=\"width: 100%;\" controls=\"controls\"><source type=\"audio\/mpeg\" src=\"https:\/\/margauxseon.fr\/wp-content\/uploads\/2026\/05\/Episode-3-seduquer-a-la-sexualite.mp3?_=7\" \/><source type=\"audio\/mpeg\" src=\"https:\/\/margauxseon.fr\/wp-content\/uploads\/2026\/05\/Episode-3-seduquer-a-la-sexualite.mp3?_=7\" \/><a href=\"https:\/\/margauxseon.fr\/wp-content\/uploads\/2026\/05\/Episode-3-seduquer-a-la-sexualite.mp3\">https:\/\/margauxseon.fr\/wp-content\/uploads\/2026\/05\/Episode-3-seduquer-a-la-sexualite.mp3<\/a><\/audio>\t\t\t\t<\/div>\n\t\t\t\t<\/div>\n\t\t\t\t<\/div>\n\t\t\t\t\t<\/div>\n\t\t\t\t<\/div>\n\t\t<div class=\"elementor-element elementor-element-26c2d1d e-flex e-con-boxed e-con e-parent\" data-id=\"26c2d1d\" data-element_type=\"container\" data-e-type=\"container\">\n\t\t\t\t\t<div class=\"e-con-inner\">\n\t\t\t\t<div class=\"elementor-element elementor-element-d8d66ac elementor-widget-divider--view-line elementor-widget elementor-widget-divider\" data-id=\"d8d66ac\" data-element_type=\"widget\" data-e-type=\"widget\" data-widget_type=\"divider.default\">\n\t\t\t\t\t\t\t<div class=\"elementor-divider\">\n\t\t\t<span class=\"elementor-divider-separator\">\n\t\t\t\t\t\t<\/span>\n\t\t<\/div>\n\t\t\t\t\t\t<\/div>\n\t\t\t\t\t<\/div>\n\t\t\t\t<\/div>\n\t\t<div class=\"elementor-element elementor-element-abc349e e-flex e-con-boxed e-con e-parent\" data-id=\"abc349e\" data-element_type=\"container\" data-e-type=\"container\">\n\t\t\t\t\t<div class=\"e-con-inner\">\n\t\t\t\t<div class=\"elementor-element elementor-element-44a64b1 elementor-widget elementor-widget-heading\" data-id=\"44a64b1\" data-element_type=\"widget\" data-e-type=\"widget\" data-widget_type=\"heading.default\">\n\t\t\t\t\t<h4 class=\"elementor-heading-title elementor-size-default\">Carnet de voyage en voilier : Entour\u00e9e de mer et de soeurs <\/h4>\t\t\t\t<\/div>\n\t\t\t\t\t<\/div>\n\t\t\t\t<\/div>\n\t\t<div class=\"elementor-element elementor-element-89ad33b e-flex e-con-boxed e-con e-parent\" data-id=\"89ad33b\" data-element_type=\"container\" data-e-type=\"container\">\n\t\t\t\t\t<div class=\"e-con-inner\">\n\t\t\t\t<div class=\"elementor-element elementor-element-9a34b41 elementor-widget elementor-widget-html\" data-id=\"9a34b41\" data-element_type=\"widget\" data-e-type=\"widget\" data-widget_type=\"html.default\">\n\t\t\t\t\t<iframe width=\"100%\" src=\"https:\/\/audioblog.arteradio.com\/embed\/217243\" style=\"margin: 0; padding: 0; border: none;\"><\/iframe>\t\t\t\t<\/div>\n\t\t\t\t\t<\/div>\n\t\t\t\t<\/div>\n\t\t\t\t<\/div>\n\t\t","protected":false},"excerpt":{"rendered":"<p>Les Menstruelles &#8211; Faire le plein d&rsquo;amour aussi disponible sur Canal B S&rsquo;\u00e9duquer \u00e0 la sexualit\u00e9 Podcast r\u00e9alis\u00e9 avec Femmes solidaires Valence Carnet de voyage en voilier : Entour\u00e9e de mer et de soeurs<\/p>\n","protected":false},"author":1,"featured_media":0,"parent":0,"menu_order":0,"comment_status":"closed","ping_status":"closed","template":"elementor_header_footer","meta":{"ocean_post_layout":"","ocean_both_sidebars_style":"","ocean_both_sidebars_content_width":0,"ocean_both_sidebars_sidebars_width":0,"ocean_sidebar":"","ocean_second_sidebar":"","ocean_disable_margins":"enable","ocean_add_body_class":"","ocean_shortcode_before_top_bar":"","ocean_shortcode_after_top_bar":"","ocean_shortcode_before_header":"","ocean_shortcode_after_header":"","ocean_has_shortcode":"","ocean_shortcode_after_title":"","ocean_shortcode_before_footer_widgets":"","ocean_shortcode_after_footer_widgets":"","ocean_shortcode_before_footer_bottom":"","ocean_shortcode_after_footer_bottom":"","ocean_display_top_bar":"default","ocean_display_header":"default","ocean_header_style":"","ocean_center_header_left_menu":"","ocean_custom_header_template":"","ocean_custom_logo":0,"ocean_custom_retina_logo":0,"ocean_custom_logo_max_width":0,"ocean_custom_logo_tablet_max_width":0,"ocean_custom_logo_mobile_max_width":0,"ocean_custom_logo_max_height":0,"ocean_custom_logo_tablet_max_height":0,"ocean_custom_logo_mobile_max_height":0,"ocean_header_custom_menu":"","ocean_menu_typo_font_family":"","ocean_menu_typo_font_subset":"","ocean_menu_typo_font_size":0,"ocean_menu_typo_font_size_tablet":0,"ocean_menu_typo_font_size_mobile":0,"ocean_menu_typo_font_size_unit":"px","ocean_menu_typo_font_weight":"","ocean_menu_typo_font_weight_tablet":"","ocean_menu_typo_font_weight_mobile":"","ocean_menu_typo_transform":"","ocean_menu_typo_transform_tablet":"","ocean_menu_typo_transform_mobile":"","ocean_menu_typo_line_height":0,"ocean_menu_typo_line_height_tablet":0,"ocean_menu_typo_line_height_mobile":0,"ocean_menu_typo_line_height_unit":"","ocean_menu_typo_spacing":0,"ocean_menu_typo_spacing_tablet":0,"ocean_menu_typo_spacing_mobile":0,"ocean_menu_typo_spacing_unit":"","ocean_menu_link_color":"","ocean_menu_link_color_hover":"","ocean_menu_link_color_active":"","ocean_menu_link_background":"","ocean_menu_link_hover_background":"","ocean_menu_link_active_background":"","ocean_menu_social_links_bg":"","ocean_menu_social_hover_links_bg":"","ocean_menu_social_links_color":"","ocean_menu_social_hover_links_color":"","ocean_disable_title":"default","ocean_disable_heading":"default","ocean_post_title":"","ocean_post_subheading":"","ocean_post_title_style":"","ocean_post_title_background_color":"","ocean_post_title_background":0,"ocean_post_title_bg_image_position":"","ocean_post_title_bg_image_attachment":"","ocean_post_title_bg_image_repeat":"","ocean_post_title_bg_image_size":"","ocean_post_title_height":0,"ocean_post_title_bg_overlay":0.5,"ocean_post_title_bg_overlay_color":"","ocean_disable_breadcrumbs":"default","ocean_breadcrumbs_color":"","ocean_breadcrumbs_separator_color":"","ocean_breadcrumbs_links_color":"","ocean_breadcrumbs_links_hover_color":"","ocean_display_footer_widgets":"default","ocean_display_footer_bottom":"default","ocean_custom_footer_template":"","footnotes":""},"class_list":["post-45","page","type-page","status-publish","hentry","entry"],"_links":{"self":[{"href":"https:\/\/margauxseon.fr\/index.php?rest_route=\/wp\/v2\/pages\/45","targetHints":{"allow":["GET"]}}],"collection":[{"href":"https:\/\/margauxseon.fr\/index.php?rest_route=\/wp\/v2\/pages"}],"about":[{"href":"https:\/\/margauxseon.fr\/index.php?rest_route=\/wp\/v2\/types\/page"}],"author":[{"embeddable":true,"href":"https:\/\/margauxseon.fr\/index.php?rest_route=\/wp\/v2\/users\/1"}],"replies":[{"embeddable":true,"href":"https:\/\/margauxseon.fr\/index.php?rest_route=%2Fwp%2Fv2%2Fcomments&post=45"}],"version-history":[{"count":16,"href":"https:\/\/margauxseon.fr\/index.php?rest_route=\/wp\/v2\/pages\/45\/revisions"}],"predecessor-version":[{"id":774,"href":"https:\/\/margauxseon.fr\/index.php?rest_route=\/wp\/v2\/pages\/45\/revisions\/774"}],"wp:attachment":[{"href":"https:\/\/margauxseon.fr\/index.php?rest_route=%2Fwp%2Fv2%2Fmedia&parent=45"}],"curies":[{"name":"wp","href":"https:\/\/api.w.org\/{rel}","templated":true}]}}