{"id":44,"date":"2026-03-24T16:17:36","date_gmt":"2026-03-24T16:17:36","guid":{"rendered":"https:\/\/margauxseon.fr\/?page_id=44"},"modified":"2026-05-09T10:01:09","modified_gmt":"2026-05-09T10:01:09","slug":"transmission","status":"publish","type":"page","link":"https:\/\/margauxseon.fr\/?page_id=44","title":{"rendered":"Agenda"},"content":{"rendered":"\t\t<div data-elementor-type=\"wp-page\" data-elementor-id=\"44\" class=\"elementor elementor-44\">\n\t\t\t\t<div class=\"elementor-element elementor-element-f56e788 e-flex e-con-boxed e-con e-parent\" data-id=\"f56e788\" data-element_type=\"container\" data-e-type=\"container\">\n\t\t\t\t\t<div class=\"e-con-inner\">\n\t\t\t\t<div class=\"elementor-element elementor-element-08760a4 elementor-widget elementor-widget-heading\" data-id=\"08760a4\" data-element_type=\"widget\" data-e-type=\"widget\" data-widget_type=\"heading.default\">\n\t\t\t\t\t<h2 class=\"elementor-heading-title elementor-size-default\">Agenda<\/h2>\t\t\t\t<\/div>\n\t\t\t\t\t<\/div>\n\t\t\t\t<\/div>\n\t\t<div class=\"elementor-element elementor-element-1668b60 e-flex e-con-boxed e-con e-parent\" data-id=\"1668b60\" data-element_type=\"container\" data-e-type=\"container\">\n\t\t\t\t\t<div class=\"e-con-inner\">\n\t\t\t\t<div class=\"elementor-element elementor-element-617f9fe elementor-widget elementor-widget-eael-image-accordion\" data-id=\"617f9fe\" data-element_type=\"widget\" data-e-type=\"widget\" data-widget_type=\"eael-image-accordion.default\">\n\t\t\t\t\t    <div class=\"eael-img-accordion accordion-direction-horizontal eael-img-accordion-horizontal-align-center eael-img-accordion-vertical-align-center\" id=\"eael-img-accordion-617f9fe\" data-img-accordion-id=\"617f9fe\" data-img-accordion-type=\"on-hover\">\n                    \n            <div class=\"eael-image-accordion-hover eael-image-accordion-item\" style=\"background-image: url(https:\/\/margauxseon.fr\/wp-content\/uploads\/2026\/04\/CommParlons300DPI\u00a9Loic-Nys-scaled.jpg);\"  tabindex=\"0\">\n                <div class=\"overlay\">\n                                        <div class=\"overlay-inner \">\n                        <h2 class=\"img-accordion-title\">Parlons<\/h2>                    <\/div>\n                <\/div>\n            <\/div>\n                    \n            <div class=\"eael-image-accordion-hover eael-image-accordion-item\" style=\"background-image: url(https:\/\/margauxseon.fr\/wp-content\/uploads\/2026\/05\/226819_PEZR9733_3167x4751-scaled.jpg);\"  tabindex=\"0\">\n                <div class=\"overlay\">\n                                        <div class=\"overlay-inner \">\n                        <h2 class=\"img-accordion-title\">La Meute<\/h2>                    <\/div>\n                <\/div>\n            <\/div>\n                    \n            <div class=\"eael-image-accordion-hover eael-image-accordion-item\" style=\"background-image: url(https:\/\/margauxseon.fr\/wp-content\/uploads\/2026\/04\/vlcsnap-2024-09-22-19h07m08s056.png);\"  tabindex=\"0\">\n                <div class=\"overlay\">\n                                        <div class=\"overlay-inner \">\n                        <h2 class=\"img-accordion-title\">Faire le plein amour<\/h2>                    <\/div>\n                <\/div>\n            <\/div>\n                    \n            <div class=\"eael-image-accordion-hover eael-image-accordion-item\" style=\"background-image: url(https:\/\/margauxseon.fr\/wp-content\/uploads\/2026\/04\/2025-RNigri-Men-8.jpg);\"  tabindex=\"0\">\n                <div class=\"overlay\">\n                                        <div class=\"overlay-inner \">\n                        <h2 class=\"img-accordion-title\">La Meute<\/h2>                    <\/div>\n                <\/div>\n            <\/div>\n                <\/div>\n        <style typr=\"text\/css\">\n                    #eael-img-accordion-617f9fe .eael-image-accordion-hover:hover {\n                        flex: 3 1 0% !important;\n                    }\n                    #eael-img-accordion-617f9fe .eael-image-accordion-hover:hover:hover .overlay-inner * {\n                        opacity: 1;\n                        visibility: visible;\n                        transform: none;\n                        transition: all .3s .3s;\n                    }\n                <\/style>\t\t\t\t<\/div>\n\t\t\t\t<div class=\"elementor-element elementor-element-8440443 elementor-widget elementor-widget-text-editor\" data-id=\"8440443\" data-element_type=\"widget\" data-e-type=\"widget\" data-widget_type=\"text-editor.default\">\n\t\t\t\t\t\t\t\t\t<p><strong>2026<\/strong><\/p><p>7.01 \/\/ La Meute \u2013 La route des 20 \u2013 Vals les bains (07)<\/p><p>11.01 \/\/ La Meute \u2013 La Fabrik \u2013 Chazelles sur Lyon (69)<\/p><p>19.03 \/\/ La Meute \u2013 Le scarab\u00e9e \u2013 Chamb\u00e9ry (73)<\/p><p>20.03 \/\/ La Meute \u2013 Bar Radis \u2013 Grenoble (38)<\/p><p>25.03 \/\/ La Meute \u2013 Le Noktamb\u00fcl \u2013 Rennes (35)<\/p><p>26.03 \/\/ La Meute \/\/ Les Roches blanches \u2013 Douarnenez (29)<\/p><p>27.03 \/\/ La Meute \u2013 L\u2019Ath\u00e9na \u2013 Ergu\u00e9 Gab\u00e9ric (56)<\/p><p>28.03 \/\/ La Meute \u2013 Ty Coz \u2013 Morlaix (29)<\/p><p>29.03 \/\/ La Meute \u2013 Le chaland qui passe \u2013 Binic (22)<\/p><p>6 au 10.03 \/\/ La Meute \u2013 r\u00e9sidence de cr\u00e9ation \u2013 Th\u00e9\u00e2tre d\u2019Aurillac (15)<\/p><p>18 et 19.04 \/\/ Faire le plein Amour \u2013 Festival le Grand d\u00e9gel \u2013 Rennes (35)<\/p><p>4 au 8.05 \/\/ Parlons \u2013 r\u00e9sidence de reprise \u2013 Toulouse (31)<\/p><p>6.06 \/\/ Parlons \u2013 Maison de la Parole \u2013 Fabrezan (11)<\/p><p>7.06 \/\/ Parlons \u2013 Au rythme de ma rue \u2013 P\u00e9lissanne (13)<\/p><p>13.06 \/\/ Parlons \u2013 Boun\u2019festival \u2013 Bauduen (83)<\/p><p>21.06 \/\/ La Meute \u2013 Festival Les Invites \u2013 Villeurbanne (69)<\/p><p>3 au 5.07 \/\/ Les Pervenches Cie Transe express \u2013 D\u00fcsseldorf (GE)<\/p><p>10.07 \/\/ La Meute \u2013 Le super petit march\u00e9 \u2013 Chalencon (07)<\/p><p>11 et 12.07 \/\/ La Meute \u2013 Festival Po\u00e9sie en arrosoir \u2013 Cernier (CH)<\/p><p>2.08 \/\/ Parlons \u2013 Auberge du bec de Villard \u2013 Villar-d\u2019Ar\u00eane (05)<\/p><p>4 et 5.08 \/\/ Parlons \u2013 Serre Chevalier (05)<\/p><p>7.08 \/\/ Parlons \u2013 Festival en Bastides \u2013 Villefranches de Rouergue (12)<\/p><p>8 et 9.08 \/\/ Parlons \u2013 Festival Font\u2019arts \u2013 Pernes les Fontaines (84)<\/p><p>4 au 6.09 \/\/ Faire le plein Amour \u2013 Tregrom (22)<\/p><p>27.09 \/\/ Parlons \u2013 La friche \u00e0 Mimi \u2013 Montpellier (34)<\/p><p>16.10 \/\/ La Meute \u2013 Festival Jacques Brel \u2013 Vesoul (70)<\/p><p>26 au 30.10 \/\/ La Meute \u2013 R\u00e9sidence de cr\u00e9ation \u2013 Th\u00e9\u00e2tre Edwige Feuill\u00e8re \u2013 Vesoul (70)<\/p><p>31.10 \/\/ La Meute \u2013 Caf\u00e9 du soleil \u2013 Saignel\u00e9gier (CH)<\/p><p>8 au 10.12 \/\/ La Meute \u2013 R\u00e9sidence de cr\u00e9ation \u2013 La fraternelle \u2013 St claude (39)<\/p><p><strong>2027<\/strong><\/p><p>19 au 25.04 \/\/ La Meute \u2013 r\u00e9sidence de cr\u00e9ation \u2013 Train th\u00e9\u00e2tre \u2013 Portes l\u00e8s Valence (26)<\/p><p>24.04 \/\/ La Meute \u2013 1\u00e8re de la nouvelle cr\u00e9ation \u2013 Train th\u00e9\u00e2tre \u2013 Portes l\u00e8s Valence (26)<\/p>\t\t\t\t\t\t\t\t<\/div>\n\t\t\t\t\t<\/div>\n\t\t\t\t<\/div>\n\t\t\t\t<\/div>\n\t\t","protected":false},"excerpt":{"rendered":"<p>Agenda Parlons La Meute Faire le plein amour La Meute 2026 7.01 \/\/ La Meute \u2013 La route des 20 \u2013 Vals les bains (07) 11.01 \/\/ La Meute \u2013 La Fabrik \u2013 Chazelles sur Lyon (69) 19.03 \/\/ La Meute \u2013 Le scarab\u00e9e \u2013 Chamb\u00e9ry (73) 20.03 \/\/ La Meute \u2013 Bar Radis \u2013 [&hellip;]<\/p>\n","protected":false},"author":1,"featured_media":0,"parent":0,"menu_order":0,"comment_status":"closed","ping_status":"closed","template":"elementor_header_footer","meta":{"ocean_post_layout":"","ocean_both_sidebars_style":"","ocean_both_sidebars_content_width":0,"ocean_both_sidebars_sidebars_width":0,"ocean_sidebar":"","ocean_second_sidebar":"","ocean_disable_margins":"enable","ocean_add_body_class":"","ocean_shortcode_before_top_bar":"","ocean_shortcode_after_top_bar":"","ocean_shortcode_before_header":"","ocean_shortcode_after_header":"","ocean_has_shortcode":"","ocean_shortcode_after_title":"","ocean_shortcode_before_footer_widgets":"","ocean_shortcode_after_footer_widgets":"","ocean_shortcode_before_footer_bottom":"","ocean_shortcode_after_footer_bottom":"","ocean_display_top_bar":"default","ocean_display_header":"default","ocean_header_style":"","ocean_center_header_left_menu":"","ocean_custom_header_template":"","ocean_custom_logo":0,"ocean_custom_retina_logo":0,"ocean_custom_logo_max_width":0,"ocean_custom_logo_tablet_max_width":0,"ocean_custom_logo_mobile_max_width":0,"ocean_custom_logo_max_height":0,"ocean_custom_logo_tablet_max_height":0,"ocean_custom_logo_mobile_max_height":0,"ocean_header_custom_menu":"","ocean_menu_typo_font_family":"","ocean_menu_typo_font_subset":"","ocean_menu_typo_font_size":0,"ocean_menu_typo_font_size_tablet":0,"ocean_menu_typo_font_size_mobile":0,"ocean_menu_typo_font_size_unit":"px","ocean_menu_typo_font_weight":"","ocean_menu_typo_font_weight_tablet":"","ocean_menu_typo_font_weight_mobile":"","ocean_menu_typo_transform":"","ocean_menu_typo_transform_tablet":"","ocean_menu_typo_transform_mobile":"","ocean_menu_typo_line_height":0,"ocean_menu_typo_line_height_tablet":0,"ocean_menu_typo_line_height_mobile":0,"ocean_menu_typo_line_height_unit":"","ocean_menu_typo_spacing":0,"ocean_menu_typo_spacing_tablet":0,"ocean_menu_typo_spacing_mobile":0,"ocean_menu_typo_spacing_unit":"","ocean_menu_link_color":"","ocean_menu_link_color_hover":"","ocean_menu_link_color_active":"","ocean_menu_link_background":"","ocean_menu_link_hover_background":"","ocean_menu_link_active_background":"","ocean_menu_social_links_bg":"","ocean_menu_social_hover_links_bg":"","ocean_menu_social_links_color":"","ocean_menu_social_hover_links_color":"","ocean_disable_title":"default","ocean_disable_heading":"default","ocean_post_title":"","ocean_post_subheading":"","ocean_post_title_style":"","ocean_post_title_background_color":"","ocean_post_title_background":0,"ocean_post_title_bg_image_position":"","ocean_post_title_bg_image_attachment":"","ocean_post_title_bg_image_repeat":"","ocean_post_title_bg_image_size":"","ocean_post_title_height":0,"ocean_post_title_bg_overlay":0.5,"ocean_post_title_bg_overlay_color":"","ocean_disable_breadcrumbs":"default","ocean_breadcrumbs_color":"","ocean_breadcrumbs_separator_color":"","ocean_breadcrumbs_links_color":"","ocean_breadcrumbs_links_hover_color":"","ocean_display_footer_widgets":"default","ocean_display_footer_bottom":"default","ocean_custom_footer_template":"","footnotes":""},"class_list":["post-44","page","type-page","status-publish","hentry","entry"],"_links":{"self":[{"href":"https:\/\/margauxseon.fr\/index.php?rest_route=\/wp\/v2\/pages\/44","targetHints":{"allow":["GET"]}}],"collection":[{"href":"https:\/\/margauxseon.fr\/index.php?rest_route=\/wp\/v2\/pages"}],"about":[{"href":"https:\/\/margauxseon.fr\/index.php?rest_route=\/wp\/v2\/types\/page"}],"author":[{"embeddable":true,"href":"https:\/\/margauxseon.fr\/index.php?rest_route=\/wp\/v2\/users\/1"}],"replies":[{"embeddable":true,"href":"https:\/\/margauxseon.fr\/index.php?rest_route=%2Fwp%2Fv2%2Fcomments&post=44"}],"version-history":[{"count":17,"href":"https:\/\/margauxseon.fr\/index.php?rest_route=\/wp\/v2\/pages\/44\/revisions"}],"predecessor-version":[{"id":817,"href":"https:\/\/margauxseon.fr\/index.php?rest_route=\/wp\/v2\/pages\/44\/revisions\/817"}],"wp:attachment":[{"href":"https:\/\/margauxseon.fr\/index.php?rest_route=%2Fwp%2Fv2%2Fmedia&parent=44"}],"curies":[{"name":"wp","href":"https:\/\/api.w.org\/{rel}","templated":true}]}}