{"id":43,"date":"2026-03-24T16:18:01","date_gmt":"2026-03-24T16:18:01","guid":{"rendered":"https:\/\/margauxseon.fr\/?page_id=43"},"modified":"2026-05-01T12:14:08","modified_gmt":"2026-05-01T12:14:08","slug":"archives","status":"publish","type":"page","link":"https:\/\/margauxseon.fr\/?page_id=43","title":{"rendered":"Palpitay"},"content":{"rendered":"\t\t<div data-elementor-type=\"wp-page\" data-elementor-id=\"43\" class=\"elementor elementor-43\">\n\t\t\t\t<div class=\"elementor-element elementor-element-f56e788 e-flex e-con-boxed e-con e-parent\" data-id=\"f56e788\" data-element_type=\"container\" data-e-type=\"container\">\n\t\t\t\t\t<div class=\"e-con-inner\">\n\t\t\t\t<div class=\"elementor-element elementor-element-08760a4 elementor-widget elementor-widget-heading\" data-id=\"08760a4\" data-element_type=\"widget\" data-e-type=\"widget\" data-widget_type=\"heading.default\">\n\t\t\t\t\t<h2 class=\"elementor-heading-title elementor-size-default\">Palpitay<\/h2>\t\t\t\t<\/div>\n\t\t\t\t<div class=\"elementor-element elementor-element-b57c69e elementor-widget elementor-widget-heading\" data-id=\"b57c69e\" data-element_type=\"widget\" data-e-type=\"widget\" data-widget_type=\"heading.default\">\n\t\t\t\t\t<h4 class=\"elementor-heading-title elementor-size-default\">Duo intime pour instruments miniatures - 2014\/2018<\/h4>\t\t\t\t<\/div>\n\t\t\t\t\t<\/div>\n\t\t\t\t<\/div>\n\t\t<div class=\"elementor-element elementor-element-1668b60 e-flex e-con-boxed e-con e-parent\" data-id=\"1668b60\" data-element_type=\"container\" data-e-type=\"container\">\n\t\t\t\t\t<div class=\"e-con-inner\">\n\t\t\t\t<div class=\"elementor-element elementor-element-f1a36d0 elementor-widget elementor-widget-image\" data-id=\"f1a36d0\" data-element_type=\"widget\" data-e-type=\"widget\" data-widget_type=\"image.default\">\n\t\t\t\t\t\t\t\t\t\t\t\t\t\t\t<img fetchpriority=\"high\" decoding=\"async\" width=\"768\" height=\"512\" src=\"https:\/\/margauxseon.fr\/wp-content\/uploads\/2026\/04\/18121549_1038366262930514_498939477462026243_o-768x512.jpg\" class=\"attachment-medium_large size-medium_large wp-image-178\" alt=\"\" srcset=\"https:\/\/margauxseon.fr\/wp-content\/uploads\/2026\/04\/18121549_1038366262930514_498939477462026243_o-768x512.jpg 768w, https:\/\/margauxseon.fr\/wp-content\/uploads\/2026\/04\/18121549_1038366262930514_498939477462026243_o-300x200.jpg 300w, https:\/\/margauxseon.fr\/wp-content\/uploads\/2026\/04\/18121549_1038366262930514_498939477462026243_o-1024x682.jpg 1024w, https:\/\/margauxseon.fr\/wp-content\/uploads\/2026\/04\/18121549_1038366262930514_498939477462026243_o-1536x1024.jpg 1536w, https:\/\/margauxseon.fr\/wp-content\/uploads\/2026\/04\/18121549_1038366262930514_498939477462026243_o.jpg 2000w\" sizes=\"(max-width: 768px) 100vw, 768px\" \/>\t\t\t\t\t\t\t\t\t\t\t\t\t\t\t<\/div>\n\t\t\t\t<div class=\"elementor-element elementor-element-6d74803 elementor-widget elementor-widget-text-editor\" data-id=\"6d74803\" data-element_type=\"widget\" data-e-type=\"widget\" data-widget_type=\"text-editor.default\">\n\t\t\t\t\t\t\t\t\t<p>Palpitay c&rsquo;est la rencontre entre Lise (chant, piano) et Margaux en 2015 \u00e0 Lille au sein d&rsquo;un quintet de reprises (Ay Polenta) qui fait le tour des petits rades Lillois et du Nord pas de Calais.\u00a0<\/p><p>Apr\u00e8s deux ans dans cette formation, Lise et Margaux d\u00e9cident de monter leur duo afin de participer \u00e0 la tourn\u00e9e itin\u00e9rante \u00e0 la voile : <a href=\"https:\/\/festinalente-collectif.fr\/tournee-2016-2017\/\">Festina Lente<\/a>.<\/p><p>Ensemble, elles composent un nouveau r\u00e9pertoire avec pour contrainte d&rsquo;utiliser des instruments miniatures qui rentrent facilement dans le bateau. Ainsi na\u00eet le projet Palpitay, qui m\u00e9lange leurs voix, et un petit a<span class=\"x193iq5w xeuugli x13faqbe x1vvkbs xlh3980 xvmahel x1n0sxbx x1lliihq x1s928wv xhkezso x1gmr53x x1cpjm7i x1fgarty x1943h6x xudqn12 x3x7a5m x6prxxf xvq8zen xo1l8bm xzsf02u\" dir=\"auto\">ccord\u00e9on, un ukul\u00e9l\u00e9 et un toy piano.<\/span><\/p><p>Le projet tourne durant 4 ans, dont 2 ans sur ce projet de tourn\u00e9e \u00e0 la voile, entre M\u00e9diterran\u00e9e et Atlantique.<\/p>\t\t\t\t\t\t\t\t<\/div>\n\t\t\t\t<div class=\"elementor-element elementor-element-6f7a575 elementor-widget elementor-widget-video\" data-id=\"6f7a575\" data-element_type=\"widget\" data-e-type=\"widget\" data-settings=\"{&quot;youtube_url&quot;:&quot;https:\\\/\\\/www.youtube.com\\\/watch?v=OwZm9xm9LiU&quot;,&quot;video_type&quot;:&quot;youtube&quot;,&quot;controls&quot;:&quot;yes&quot;}\" data-widget_type=\"video.default\">\n\t\t\t\t\t\t\t<div class=\"elementor-wrapper elementor-open-inline\">\n\t\t\t<div class=\"elementor-video\"><\/div>\t\t<\/div>\n\t\t\t\t\t\t<\/div>\n\t\t\t\t\t<\/div>\n\t\t\t\t<\/div>\n\t\t\t\t<\/div>\n\t\t","protected":false},"excerpt":{"rendered":"<p>Palpitay Duo intime pour instruments miniatures &#8211; 2014\/2018 Palpitay c&rsquo;est la rencontre entre Lise (chant, piano) et Margaux en 2015 \u00e0 Lille au sein d&rsquo;un quintet de reprises (Ay Polenta) qui fait le tour des petits rades Lillois et du Nord pas de Calais.\u00a0 Apr\u00e8s deux ans dans cette formation, Lise et Margaux d\u00e9cident de [&hellip;]<\/p>\n","protected":false},"author":1,"featured_media":0,"parent":0,"menu_order":0,"comment_status":"closed","ping_status":"closed","template":"elementor_header_footer","meta":{"ocean_post_layout":"","ocean_both_sidebars_style":"","ocean_both_sidebars_content_width":0,"ocean_both_sidebars_sidebars_width":0,"ocean_sidebar":"","ocean_second_sidebar":"","ocean_disable_margins":"enable","ocean_add_body_class":"","ocean_shortcode_before_top_bar":"","ocean_shortcode_after_top_bar":"","ocean_shortcode_before_header":"","ocean_shortcode_after_header":"","ocean_has_shortcode":"","ocean_shortcode_after_title":"","ocean_shortcode_before_footer_widgets":"","ocean_shortcode_after_footer_widgets":"","ocean_shortcode_before_footer_bottom":"","ocean_shortcode_after_footer_bottom":"","ocean_display_top_bar":"default","ocean_display_header":"default","ocean_header_style":"","ocean_center_header_left_menu":"","ocean_custom_header_template":"","ocean_custom_logo":0,"ocean_custom_retina_logo":0,"ocean_custom_logo_max_width":0,"ocean_custom_logo_tablet_max_width":0,"ocean_custom_logo_mobile_max_width":0,"ocean_custom_logo_max_height":0,"ocean_custom_logo_tablet_max_height":0,"ocean_custom_logo_mobile_max_height":0,"ocean_header_custom_menu":"","ocean_menu_typo_font_family":"","ocean_menu_typo_font_subset":"","ocean_menu_typo_font_size":0,"ocean_menu_typo_font_size_tablet":0,"ocean_menu_typo_font_size_mobile":0,"ocean_menu_typo_font_size_unit":"px","ocean_menu_typo_font_weight":"","ocean_menu_typo_font_weight_tablet":"","ocean_menu_typo_font_weight_mobile":"","ocean_menu_typo_transform":"","ocean_menu_typo_transform_tablet":"","ocean_menu_typo_transform_mobile":"","ocean_menu_typo_line_height":0,"ocean_menu_typo_line_height_tablet":0,"ocean_menu_typo_line_height_mobile":0,"ocean_menu_typo_line_height_unit":"","ocean_menu_typo_spacing":0,"ocean_menu_typo_spacing_tablet":0,"ocean_menu_typo_spacing_mobile":0,"ocean_menu_typo_spacing_unit":"","ocean_menu_link_color":"","ocean_menu_link_color_hover":"","ocean_menu_link_color_active":"","ocean_menu_link_background":"","ocean_menu_link_hover_background":"","ocean_menu_link_active_background":"","ocean_menu_social_links_bg":"","ocean_menu_social_hover_links_bg":"","ocean_menu_social_links_color":"","ocean_menu_social_hover_links_color":"","ocean_disable_title":"default","ocean_disable_heading":"default","ocean_post_title":"","ocean_post_subheading":"","ocean_post_title_style":"","ocean_post_title_background_color":"","ocean_post_title_background":0,"ocean_post_title_bg_image_position":"","ocean_post_title_bg_image_attachment":"","ocean_post_title_bg_image_repeat":"","ocean_post_title_bg_image_size":"","ocean_post_title_height":0,"ocean_post_title_bg_overlay":0.5,"ocean_post_title_bg_overlay_color":"","ocean_disable_breadcrumbs":"default","ocean_breadcrumbs_color":"","ocean_breadcrumbs_separator_color":"","ocean_breadcrumbs_links_color":"","ocean_breadcrumbs_links_hover_color":"","ocean_display_footer_widgets":"default","ocean_display_footer_bottom":"default","ocean_custom_footer_template":"","footnotes":""},"class_list":["post-43","page","type-page","status-publish","hentry","entry"],"_links":{"self":[{"href":"https:\/\/margauxseon.fr\/index.php?rest_route=\/wp\/v2\/pages\/43","targetHints":{"allow":["GET"]}}],"collection":[{"href":"https:\/\/margauxseon.fr\/index.php?rest_route=\/wp\/v2\/pages"}],"about":[{"href":"https:\/\/margauxseon.fr\/index.php?rest_route=\/wp\/v2\/types\/page"}],"author":[{"embeddable":true,"href":"https:\/\/margauxseon.fr\/index.php?rest_route=\/wp\/v2\/users\/1"}],"replies":[{"embeddable":true,"href":"https:\/\/margauxseon.fr\/index.php?rest_route=%2Fwp%2Fv2%2Fcomments&post=43"}],"version-history":[{"count":23,"href":"https:\/\/margauxseon.fr\/index.php?rest_route=\/wp\/v2\/pages\/43\/revisions"}],"predecessor-version":[{"id":756,"href":"https:\/\/margauxseon.fr\/index.php?rest_route=\/wp\/v2\/pages\/43\/revisions\/756"}],"wp:attachment":[{"href":"https:\/\/margauxseon.fr\/index.php?rest_route=%2Fwp%2Fv2%2Fmedia&parent=43"}],"curies":[{"name":"wp","href":"https:\/\/api.w.org\/{rel}","templated":true}]}}