{"id":38,"date":"2026-03-24T16:15:04","date_gmt":"2026-03-24T16:15:04","guid":{"rendered":"https:\/\/margauxseon.fr\/?page_id=38"},"modified":"2026-05-04T18:44:34","modified_gmt":"2026-05-04T18:44:34","slug":"bio","status":"publish","type":"page","link":"https:\/\/margauxseon.fr\/?page_id=38","title":{"rendered":"Bio"},"content":{"rendered":"\t\t<div data-elementor-type=\"wp-page\" data-elementor-id=\"38\" class=\"elementor elementor-38\">\n\t\t\t\t<div class=\"elementor-element elementor-element-1668b60 e-flex e-con-boxed e-con e-parent\" data-id=\"1668b60\" data-element_type=\"container\" data-e-type=\"container\">\n\t\t\t\t\t<div class=\"e-con-inner\">\n\t\t\t\t<div class=\"elementor-element elementor-element-f1a36d0 elementor-widget elementor-widget-image\" data-id=\"f1a36d0\" data-element_type=\"widget\" data-e-type=\"widget\" data-widget_type=\"image.default\">\n\t\t\t\t\t\t\t\t\t\t\t\t<figure class=\"wp-caption\">\n\t\t\t\t\t\t\t\t\t\t<img fetchpriority=\"high\" decoding=\"async\" width=\"767\" height=\"1024\" src=\"https:\/\/margauxseon.fr\/wp-content\/uploads\/2026\/04\/CF058159-copie-767x1024.jpg\" class=\"attachment-large size-large wp-image-644\" alt=\"\" srcset=\"https:\/\/margauxseon.fr\/wp-content\/uploads\/2026\/04\/CF058159-copie-767x1024.jpg 767w, https:\/\/margauxseon.fr\/wp-content\/uploads\/2026\/04\/CF058159-copie-225x300.jpg 225w, https:\/\/margauxseon.fr\/wp-content\/uploads\/2026\/04\/CF058159-copie-768x1025.jpg 768w, https:\/\/margauxseon.fr\/wp-content\/uploads\/2026\/04\/CF058159-copie-1151x1536.jpg 1151w, https:\/\/margauxseon.fr\/wp-content\/uploads\/2026\/04\/CF058159-copie-1534x2048.jpg 1534w, https:\/\/margauxseon.fr\/wp-content\/uploads\/2026\/04\/CF058159-copie-scaled.jpg 1918w\" sizes=\"(max-width: 767px) 100vw, 767px\" \/>\t\t\t\t\t\t\t\t\t\t\t<figcaption class=\"widget-image-caption wp-caption-text\">photo : Fabien Perrot<\/figcaption>\n\t\t\t\t\t\t\t\t\t\t<\/figure>\n\t\t\t\t\t\t\t\t\t<\/div>\n\t\t\t\t<div class=\"elementor-element elementor-element-38fde06 elementor-widget elementor-widget-text-editor\" data-id=\"38fde06\" data-element_type=\"widget\" data-e-type=\"widget\" data-widget_type=\"text-editor.default\">\n\t\t\t\t\t\t\t\t\t<p><span style=\"font-size: small;\">Margaux Seon, n\u00e9e en 1995, a toujours \u00e9volu\u00e9 dans le milieu du spectacle vivant. Elle grandit en Haute Savoie. Elle conna\u00eet, enfant, les coulisses et pr\u00e9paratifs du milieu des arts vivants. Sa m\u00e8re travaille en tant que charg\u00e9e de diffusion pour le th\u00e9\u00e2tre de La Toupine. Margaux se rend donc r\u00e9guli\u00e8rement au th\u00e9\u00e2tre ou au cirque.\u00a0 <\/span><span style=\"font-size: small;\">Adolescente, Margaux suit des cours de th\u00e9\u00e2tre puis de cirque au Th\u00e9\u00e2tre Cirqule \u00e0 Gen\u00e8ve. Elle pratique aussi le piano. Sa s\u0153ur ain\u00e9e, Soizic, se dirige professionnellement vers l&rsquo;illustration, le dessin. \u00c9tant tr\u00e8s proche d&rsquo;elle, Margaux s&rsquo;impr\u00e8gne aussi de ses cr\u00e9ations.<\/span><\/p><p><span style=\"font-size: small;\">Margaux se passionne donc relativement jeune pour la sc\u00e8ne, l&rsquo;art, et cette passion ne la quitte pas. Au fur et \u00e0 mesure de son parcours, Margaux multiplie les rencontres, d\u00e9veloppe sa sensibilit\u00e9 artistique, avec comme motivation premi\u00e8re la cr\u00e9ativit\u00e9, la recherche autour du propos et des mots, l&rsquo;amusement et la composition. <\/span><\/p>\t\t\t\t\t\t\t\t<\/div>\n\t\t\t\t<div class=\"elementor-element elementor-element-ecf136e elementor-widget elementor-widget-image\" data-id=\"ecf136e\" data-element_type=\"widget\" data-e-type=\"widget\" data-widget_type=\"image.default\">\n\t\t\t\t\t\t\t\t\t\t\t\t\t\t\t<img decoding=\"async\" width=\"767\" height=\"1024\" src=\"https:\/\/margauxseon.fr\/wp-content\/uploads\/2026\/04\/CF058096-copie-767x1024.jpg\" class=\"attachment-large size-large wp-image-642\" alt=\"\" srcset=\"https:\/\/margauxseon.fr\/wp-content\/uploads\/2026\/04\/CF058096-copie-767x1024.jpg 767w, https:\/\/margauxseon.fr\/wp-content\/uploads\/2026\/04\/CF058096-copie-225x300.jpg 225w, https:\/\/margauxseon.fr\/wp-content\/uploads\/2026\/04\/CF058096-copie-768x1025.jpg 768w, https:\/\/margauxseon.fr\/wp-content\/uploads\/2026\/04\/CF058096-copie-1151x1536.jpg 1151w, https:\/\/margauxseon.fr\/wp-content\/uploads\/2026\/04\/CF058096-copie-1534x2048.jpg 1534w, https:\/\/margauxseon.fr\/wp-content\/uploads\/2026\/04\/CF058096-copie-scaled.jpg 1918w\" sizes=\"(max-width: 767px) 100vw, 767px\" \/>\t\t\t\t\t\t\t\t\t\t\t\t\t\t\t<\/div>\n\t\t\t\t<div class=\"elementor-element elementor-element-962efb9 elementor-widget elementor-widget-heading\" data-id=\"962efb9\" data-element_type=\"widget\" data-e-type=\"widget\" data-widget_type=\"heading.default\">\n\t\t\t\t\t<h4 class=\"elementor-heading-title elementor-size-default\">Parcours professionnel\u00a0:<\/h4>\t\t\t\t<\/div>\n\t\t\t\t<div class=\"elementor-element elementor-element-5f66c82 elementor-widget elementor-widget-text-editor\" data-id=\"5f66c82\" data-element_type=\"widget\" data-e-type=\"widget\" data-widget_type=\"text-editor.default\">\n\t\t\t\t\t\t\t\t\t<p><span style=\"font-size: small;\">En 2012, elle int\u00e8gre le lyc\u00e9e Joseph Savina en Bretagne en option cirque lourde. Elle y restera 2 ans.\u00a0 <\/span><span style=\"font-size: small;\">En 2013, Bac L en poche, Margaux participe au projet Armada festival, avec le collectif FAAAC (Fabrique Alternative et Autog\u00e9r\u00e9e des Arts et de la Cr\u00e9ation) : une tourn\u00e9e de deux mois en M\u00e9diterran\u00e9e \u00e0 bord de voiliers. 70 artistes participeront \u00e0 cette tourn\u00e9e sur 12 voiliers-spectacles. Ce projet lui donne le go\u00fbt de la mer et des aventures collectives.<\/span><\/p><p><span style=\"font-size: small;\">\u00c0 son retour de l&rsquo;Armada, Margaux rentre \u00e0 l&rsquo;\u00e9cole pr\u00e9paratoire de cirque de Lomme puis \u00e0 l&rsquo;\u00e9cole de Cirque d&rsquo;Amiens. \u00c0 la fin de ces deux ann\u00e9es de formation, Margaux constate qu&rsquo;elle a des probl\u00e8mes de dos cons\u00e9quents qui s&rsquo;accentuent avec la pratique intensive. Elle arr\u00eate le cirque.<\/span><\/p><p><span style=\"font-size: small;\">Ayant toujours pratiqu\u00e9 la musique en parall\u00e8le de mani\u00e8re autodidacte, et plus particuli\u00e8rement l&rsquo;accord\u00e9on, Margaux change de cap et d\u00e9cide de se consacrer \u00e0 cette discipline. <\/span><span style=\"font-size: small;\">En 2015, Elle co-cr\u00e9e le projet \u00ab Palpitay \u00bb, un duo accord\u00e9on\/chant m\u00ealant musique et th\u00e9\u00e2tre.\u00a0 <\/span><span style=\"font-size: small;\">Elle participe \u00e0 l&rsquo;\u00e9laboration du projet<a href=\"https:\/\/festinalente-collectif.fr\/tournee-2016-2017\/\"> \u00ab Festina Lente \u00bb<\/a>, une tourn\u00e9e \u00e0 la voile de 2 ans, en M\u00e9diterran\u00e9e et en Atlantique avec une trentaine d&rsquo;autres artistes-marins.\u00a0\u00a0<\/span><span style=\"font-size: small;\">Le projet d\u00e9marre en mai 2016 et pr\u00e9voit un retour en septembre 2017.\u00a0 <\/span><span style=\"font-size: small;\">Durant ces 2 ans de tourn\u00e9e, du Maroc aux A\u00e7ores en passant par les c\u00f4tes fran\u00e7aises, espagnoles, italiennes, Margaux jouera \u00ab Palpitay \u00bb plus de 150 fois.\u00a0\u00a0<\/span><span style=\"font-size: small;\">Ce projet collectif riche en intensit\u00e9 et en recherche artistique aura \u00e9t\u00e9 la meilleure des formations. On y apprend la mer, la d\u00e9brouille, l&rsquo;improvisation et le faire-ensemble.<\/span><\/p><p><span style=\"font-size: small;\">De retour de cette tourn\u00e9e fin 2017, quelque peu d\u00e9connect\u00e9e du monde terrestre, Margaux d\u00e9cide de retourner \u00e0 l&rsquo;\u00e9cole, mais cette fois, de musique. Elle passera 2 ans \u00e0 la Jazz Action Valence puis int\u00e9grera le cursus Jazz du conservatoire de Valence en 2019. <\/span><\/p><p><span style=\"font-size: small;\">En octobre 2019, Margaux int\u00e8gre la nouvelle cr\u00e9ation d&rsquo;arts de rue de la compagnie dr\u00f4moise <a href=\"https:\/\/transe-express.com\/spectacles\/parades\/les-pervenches\">Transe Express : \u00ab Les Pervenches \u00bb<\/a> en tant que musicienne et com\u00e9dienne. Le spectacle tourne peu, mais permet \u00e0 Margaux d&rsquo;apprendre un peu mieux \u00e0 conna\u00eetre le milieu des arts de rues, du spectacle d\u00e9ambulatoire. Elle connait pour la premi\u00e8re fois le r\u00f4le d&rsquo;interpr\u00e8te.<\/span><\/p><p><span style=\"font-size: small;\">La m\u00eame ann\u00e9e, Margaux monte le groupe <a href=\"https:\/\/la-meute.net\/\">\u00ab La Meute \u00bb<\/a>, quatuor \u00e0 textes\/po\u00e9sie sauvage avec 3 autres musiciennes chanteuses rencontr\u00e9es durant sa formation \u00e0 Valence. Ce projet de sortie d&rsquo;\u00e9cole \u00e9volue dans un contexte tendu (baisse des subventions et des fr\u00e9quentations des salles, covid) mais \u00e0 force d&rsquo;acharnement, de travail collectif, et de rencontres hasardeuses mais fructueuses, le groupe finit par se faire une place dans le r\u00e9seau des musiques actuelles et de la chanson.\u00a0 <\/span><span style=\"font-size: small;\">Apr\u00e8s 7 ans d&rsquo;existence, 180 dates en France, Suisse et Belgique et avec \u00e0 son actif deux albums, La Meute continue sa route et pr\u00e9pare sa nouvelle cr\u00e9ation (avril 2027)<\/span><\/p><p><span style=\"font-size: small;\">En janvier 2020, la rencontre avec Marie Vela, trap\u00e9ziste, donne naissance au spectacle-performance <a href=\"https:\/\/www.pahaska-production.com\/parlons\">\u00ab Parlons \u00bb<\/a> alliant leurs deux disciplines, cirque et musique, autour du verbe et du sens. Parlons est une ode \u00e0 la parole. Une performance po\u00e9tique et musicale qui \u00e9voque la difficult\u00e9 \u00e0 s&rsquo;exprimer sinc\u00e8rement sans d\u00e9tour et sans masque. <\/span><span style=\"font-size: small;\">Le spectacle tourne principalement au printemps-\u00e9t\u00e9 dans toute la France, sur des festivals en plein air.<\/span><\/p><p><span style=\"font-size: small;\">En janvier 2023, apr\u00e8s avoir d\u00e9l\u00e9gu\u00e9 le booking de La Meute \u00e0 <a href=\"https:\/\/labelfolie.com\/\">Label Folie<\/a>,\u00a0 Margaux rejoint l&rsquo;\u00e9quipe de <a href=\"https:\/\/la-curieuse.com\/\">La Curieuse<\/a> au booking et accompagnement pour le duo <a href=\"https:\/\/festinalente-collectif.fr\/tournee-2016-2017\/\">\u00ab Virage \u00bb<\/a><\/span><span style=\"font-size: small;\">. Ce projet rassemble Fran\u00e7ois Castiello (accord\u00e9on) et Cyril Gilibert (batterie).<\/span><\/p><p><span style=\"font-size: small;\">Sa passion de la mer ne diminuant pas, parall\u00e8lement \u00e0 ces projets terrestres, Margaux continue de rejoindre ponctuellement des tourn\u00e9es itin\u00e9rantes \u00e0 la voile sur des temps plus ou moins longs (<a href=\"https:\/\/honkytonksail.com\/\">Honky Tonk Sail<\/a> aux Canaries, <a href=\"https:\/\/bourlingueetpacotille.com\/\">Bourlingue et Pacotille<\/a> en Sardaigne, <a href=\"https:\/\/megafaune.org\/\">M\u00e9gafaune<\/a> au Maroc et en Argentine).<\/span><\/p><p><span style=\"font-size: small;\">Durant ces diff\u00e9rentes aventures, l&rsquo;envie de travailler des formats sonores l&rsquo;a saisie. Laisser une trace, capturer des moments par le son. De mani\u00e8re totalement empirique et quelque peu d\u00e9sorganis\u00e9e, Margaux se met \u00e0 r\u00e9aliser des enregistrements, et surtout \u00e0 se documenter sur les formats sonores et radiophoniques. Tout d&rsquo;abord, elle commence par la production de ses carnets de voyages audios, puis elle co-cr\u00e9e des podcasts.\u00a0 Apr\u00e8s plusieurs productions amatrices, Margaux d\u00e9cide de se lancer pleinement dans cette exp\u00e9rimentation. <\/span><\/p><p><span style=\"font-size: small;\">En Octobre 2024, elle se lance donc sur la cr\u00e9ation de <a href=\"https:\/\/labelfolie.com\/artistes\/faire-le-plein-amour\/\">Faire le plein Amour<\/a>, projet \u00e0 la fois d&rsquo;installation sonore, de performance live et de podcasts radiophoniques. Elle r\u00e9alise une vingtaine d&rsquo;interviews sur base de volontariat. Les diff\u00e9rentes personnes t\u00e9moignent \u00e0 son micro de leur vie amoureuse, pass\u00e9e ou en cours.\u00a0<\/span><\/p>\t\t\t\t\t\t\t\t<\/div>\n\t\t\t\t\t<\/div>\n\t\t\t\t<\/div>\n\t\t\t\t<\/div>\n\t\t","protected":false},"excerpt":{"rendered":"<p>photo : Fabien Perrot Margaux Seon, n\u00e9e en 1995, a toujours \u00e9volu\u00e9 dans le milieu du spectacle vivant. Elle grandit en Haute Savoie. Elle conna\u00eet, enfant, les coulisses et pr\u00e9paratifs du milieu des arts vivants. Sa m\u00e8re travaille en tant que charg\u00e9e de diffusion pour le th\u00e9\u00e2tre de La Toupine. Margaux se rend donc r\u00e9guli\u00e8rement [&hellip;]<\/p>\n","protected":false},"author":1,"featured_media":0,"parent":0,"menu_order":0,"comment_status":"closed","ping_status":"closed","template":"elementor_header_footer","meta":{"ocean_post_layout":"","ocean_both_sidebars_style":"","ocean_both_sidebars_content_width":0,"ocean_both_sidebars_sidebars_width":0,"ocean_sidebar":"","ocean_second_sidebar":"","ocean_disable_margins":"enable","ocean_add_body_class":"","ocean_shortcode_before_top_bar":"","ocean_shortcode_after_top_bar":"","ocean_shortcode_before_header":"","ocean_shortcode_after_header":"","ocean_has_shortcode":"","ocean_shortcode_after_title":"","ocean_shortcode_before_footer_widgets":"","ocean_shortcode_after_footer_widgets":"","ocean_shortcode_before_footer_bottom":"","ocean_shortcode_after_footer_bottom":"","ocean_display_top_bar":"default","ocean_display_header":"default","ocean_header_style":"","ocean_center_header_left_menu":"","ocean_custom_header_template":"","ocean_custom_logo":0,"ocean_custom_retina_logo":0,"ocean_custom_logo_max_width":0,"ocean_custom_logo_tablet_max_width":0,"ocean_custom_logo_mobile_max_width":0,"ocean_custom_logo_max_height":0,"ocean_custom_logo_tablet_max_height":0,"ocean_custom_logo_mobile_max_height":0,"ocean_header_custom_menu":"","ocean_menu_typo_font_family":"","ocean_menu_typo_font_subset":"","ocean_menu_typo_font_size":0,"ocean_menu_typo_font_size_tablet":0,"ocean_menu_typo_font_size_mobile":0,"ocean_menu_typo_font_size_unit":"px","ocean_menu_typo_font_weight":"","ocean_menu_typo_font_weight_tablet":"","ocean_menu_typo_font_weight_mobile":"","ocean_menu_typo_transform":"","ocean_menu_typo_transform_tablet":"","ocean_menu_typo_transform_mobile":"","ocean_menu_typo_line_height":0,"ocean_menu_typo_line_height_tablet":0,"ocean_menu_typo_line_height_mobile":0,"ocean_menu_typo_line_height_unit":"","ocean_menu_typo_spacing":0,"ocean_menu_typo_spacing_tablet":0,"ocean_menu_typo_spacing_mobile":0,"ocean_menu_typo_spacing_unit":"","ocean_menu_link_color":"","ocean_menu_link_color_hover":"","ocean_menu_link_color_active":"","ocean_menu_link_background":"","ocean_menu_link_hover_background":"","ocean_menu_link_active_background":"","ocean_menu_social_links_bg":"","ocean_menu_social_hover_links_bg":"","ocean_menu_social_links_color":"","ocean_menu_social_hover_links_color":"","ocean_disable_title":"default","ocean_disable_heading":"default","ocean_post_title":"","ocean_post_subheading":"","ocean_post_title_style":"","ocean_post_title_background_color":"","ocean_post_title_background":0,"ocean_post_title_bg_image_position":"","ocean_post_title_bg_image_attachment":"","ocean_post_title_bg_image_repeat":"","ocean_post_title_bg_image_size":"","ocean_post_title_height":0,"ocean_post_title_bg_overlay":0.5,"ocean_post_title_bg_overlay_color":"","ocean_disable_breadcrumbs":"default","ocean_breadcrumbs_color":"","ocean_breadcrumbs_separator_color":"","ocean_breadcrumbs_links_color":"","ocean_breadcrumbs_links_hover_color":"","ocean_display_footer_widgets":"default","ocean_display_footer_bottom":"default","ocean_custom_footer_template":"","footnotes":""},"class_list":["post-38","page","type-page","status-publish","hentry","entry"],"_links":{"self":[{"href":"https:\/\/margauxseon.fr\/index.php?rest_route=\/wp\/v2\/pages\/38","targetHints":{"allow":["GET"]}}],"collection":[{"href":"https:\/\/margauxseon.fr\/index.php?rest_route=\/wp\/v2\/pages"}],"about":[{"href":"https:\/\/margauxseon.fr\/index.php?rest_route=\/wp\/v2\/types\/page"}],"author":[{"embeddable":true,"href":"https:\/\/margauxseon.fr\/index.php?rest_route=\/wp\/v2\/users\/1"}],"replies":[{"embeddable":true,"href":"https:\/\/margauxseon.fr\/index.php?rest_route=%2Fwp%2Fv2%2Fcomments&post=38"}],"version-history":[{"count":42,"href":"https:\/\/margauxseon.fr\/index.php?rest_route=\/wp\/v2\/pages\/38\/revisions"}],"predecessor-version":[{"id":794,"href":"https:\/\/margauxseon.fr\/index.php?rest_route=\/wp\/v2\/pages\/38\/revisions\/794"}],"wp:attachment":[{"href":"https:\/\/margauxseon.fr\/index.php?rest_route=%2Fwp%2Fv2%2Fmedia&parent=38"}],"curies":[{"name":"wp","href":"https:\/\/api.w.org\/{rel}","templated":true}]}}