{"id":13,"date":"2026-03-13T17:51:11","date_gmt":"2026-03-13T17:51:11","guid":{"rendered":"https:\/\/margauxseon.fr\/?page_id=13"},"modified":"2026-04-29T19:17:12","modified_gmt":"2026-04-29T19:17:12","slug":"start-page","status":"publish","type":"page","link":"https:\/\/margauxseon.fr\/","title":{"rendered":"Accueil"},"content":{"rendered":"\t\t<div data-elementor-type=\"wp-page\" data-elementor-id=\"13\" class=\"elementor elementor-13\">\n\t\t\t\t<div class=\"elementor-element elementor-element-d188a75 e-flex e-con-boxed e-con e-parent\" data-id=\"d188a75\" data-element_type=\"container\" data-e-type=\"container\">\n\t\t\t\t\t<div class=\"e-con-inner\">\n\t\t\t\t<div class=\"elementor-element elementor-element-91638ad elementor-widget elementor-widget-eael-image-accordion\" data-id=\"91638ad\" data-element_type=\"widget\" data-e-type=\"widget\" data-widget_type=\"eael-image-accordion.default\">\n\t\t\t\t\t    <div class=\"eael-img-accordion accordion-direction-horizontal eael-img-accordion-horizontal-align-center eael-img-accordion-vertical-align-center\" id=\"eael-img-accordion-91638ad\" data-img-accordion-id=\"91638ad\" data-img-accordion-type=\"on-hover\">\n                    \n            <div class=\"eael-image-accordion-hover eael-image-accordion-item\" style=\"background-image: url(https:\/\/margauxseon.fr\/wp-content\/uploads\/2026\/04\/DSC7818.jpg);\"  tabindex=\"0\">\n                <div class=\"overlay\">\n                                        <div class=\"overlay-inner \">\n                                            <\/div>\n                <\/div>\n            <\/div>\n                    \n            <div class=\"eael-image-accordion-hover eael-image-accordion-item\" style=\"background-image: url(https:\/\/margauxseon.fr\/wp-content\/uploads\/2026\/04\/2025-septembre-Fulgurance-J3-HD-39-scaled.jpg);\"  tabindex=\"0\">\n                <div class=\"overlay\">\n                                        <div class=\"overlay-inner \">\n                                            <\/div>\n                <\/div>\n            <\/div>\n                    \n            <div class=\"eael-image-accordion-hover eael-image-accordion-item\" style=\"background-image: url(https:\/\/margauxseon.fr\/wp-content\/uploads\/2026\/04\/DSC07605-scaled.jpg);\"  tabindex=\"0\">\n                <div class=\"overlay\">\n                                        <div class=\"overlay-inner \">\n                                            <\/div>\n                <\/div>\n            <\/div>\n                    \n            <div class=\"eael-image-accordion-hover eael-image-accordion-item\" style=\"background-image: url(https:\/\/margauxseon.fr\/wp-content\/uploads\/2026\/04\/Margaux-seon-2.jpg);\"  tabindex=\"0\">\n                <div class=\"overlay\">\n                                        <div class=\"overlay-inner \">\n                                            <\/div>\n                <\/div>\n            <\/div>\n                    \n            <div class=\"eael-image-accordion-hover eael-image-accordion-item\" style=\"background-image: url(https:\/\/margauxseon.fr\/wp-content\/uploads\/2026\/04\/DSC07643-scaled.jpg);\"  tabindex=\"0\">\n                <div class=\"overlay\">\n                                        <div class=\"overlay-inner \">\n                                            <\/div>\n                <\/div>\n            <\/div>\n                <\/div>\n        <style typr=\"text\/css\">\n                    #eael-img-accordion-91638ad .eael-image-accordion-hover:hover {\n                        flex: 3 1 0% !important;\n                    }\n                    #eael-img-accordion-91638ad .eael-image-accordion-hover:hover:hover .overlay-inner * {\n                        opacity: 1;\n                        visibility: visible;\n                        transform: none;\n                        transition: all .3s .3s;\n                    }\n                <\/style>\t\t\t\t<\/div>\n\t\t\t\t\t<\/div>\n\t\t\t\t<\/div>\n\t\t<div class=\"elementor-element elementor-element-988c509 e-flex e-con-boxed e-con e-parent\" data-id=\"988c509\" data-element_type=\"container\" data-e-type=\"container\">\n\t\t\t\t\t<div class=\"e-con-inner\">\n\t\t\t\t<div class=\"elementor-element elementor-element-a1c2045 elementor-widget elementor-widget-heading\" data-id=\"a1c2045\" data-element_type=\"widget\" data-e-type=\"widget\" data-widget_type=\"heading.default\">\n\t\t\t\t\t<h2 class=\"elementor-heading-title elementor-size-default\">Projets du moment<\/h2>\t\t\t\t<\/div>\n\t\t\t\t\t<\/div>\n\t\t\t\t<\/div>\n\t\t<div class=\"elementor-element elementor-element-1447726 e-flex e-con-boxed e-con e-parent\" data-id=\"1447726\" data-element_type=\"container\" data-e-type=\"container\">\n\t\t\t\t\t<div class=\"e-con-inner\">\n\t\t\t\t<div class=\"elementor-element elementor-element-1c57117 elementor-widget-divider--view-line elementor-widget elementor-widget-divider\" data-id=\"1c57117\" data-element_type=\"widget\" data-e-type=\"widget\" data-widget_type=\"divider.default\">\n\t\t\t\t\t\t\t<div class=\"elementor-divider\">\n\t\t\t<span class=\"elementor-divider-separator\">\n\t\t\t\t\t\t<\/span>\n\t\t<\/div>\n\t\t\t\t\t\t<\/div>\n\t\t\t\t\t<\/div>\n\t\t\t\t<\/div>\n\t\t<div class=\"elementor-element elementor-element-233ef39 e-flex e-con-boxed e-con e-parent\" data-id=\"233ef39\" data-element_type=\"container\" data-e-type=\"container\">\n\t\t\t\t\t<div class=\"e-con-inner\">\n\t\t\t\t<div class=\"elementor-element elementor-element-6a18b5c elementor-widget elementor-widget-image\" data-id=\"6a18b5c\" data-element_type=\"widget\" data-e-type=\"widget\" data-widget_type=\"image.default\">\n\t\t\t\t\t\t\t\t\t\t\t\t\t\t\t\t<a href=\"https:\/\/margauxseon.fr\/?page_id=294\">\n\t\t\t\t\t\t\t<img fetchpriority=\"high\" decoding=\"async\" width=\"768\" height=\"512\" src=\"https:\/\/margauxseon.fr\/wp-content\/uploads\/2026\/04\/La_meute_preselection-279-768x512.jpg\" class=\"elementor-animation-shrink attachment-medium_large size-medium_large wp-image-186\" alt=\"\" srcset=\"https:\/\/margauxseon.fr\/wp-content\/uploads\/2026\/04\/La_meute_preselection-279-768x512.jpg 768w, https:\/\/margauxseon.fr\/wp-content\/uploads\/2026\/04\/La_meute_preselection-279-300x200.jpg 300w, https:\/\/margauxseon.fr\/wp-content\/uploads\/2026\/04\/La_meute_preselection-279-1024x683.jpg 1024w, https:\/\/margauxseon.fr\/wp-content\/uploads\/2026\/04\/La_meute_preselection-279-1536x1024.jpg 1536w, https:\/\/margauxseon.fr\/wp-content\/uploads\/2026\/04\/La_meute_preselection-279-2048x1365.jpg 2048w\" sizes=\"(max-width: 768px) 100vw, 768px\" \/>\t\t\t\t\t\t\t\t<\/a>\n\t\t\t\t\t\t\t\t\t\t\t\t\t\t\t<\/div>\n\t\t<div class=\"elementor-element elementor-element-16510ce e-con-full e-flex e-con e-child\" data-id=\"16510ce\" data-element_type=\"container\" data-e-type=\"container\">\n\t\t\t\t<div class=\"elementor-element elementor-element-cdff52e elementor-widget elementor-widget-heading\" data-id=\"cdff52e\" data-element_type=\"widget\" data-e-type=\"widget\" data-widget_type=\"heading.default\">\n\t\t\t\t\t<h4 class=\"elementor-heading-title elementor-size-default\">La Meute<\/h4>\t\t\t\t<\/div>\n\t\t\t\t<\/div>\n\t\t\t\t\t<\/div>\n\t\t\t\t<\/div>\n\t\t<div class=\"elementor-element elementor-element-aef41c9 e-flex e-con-boxed e-con e-parent\" data-id=\"aef41c9\" data-element_type=\"container\" data-e-type=\"container\">\n\t\t\t\t\t<div class=\"e-con-inner\">\n\t\t\t\t<div class=\"elementor-element elementor-element-40c7c5b elementor-widget elementor-widget-image\" data-id=\"40c7c5b\" data-element_type=\"widget\" data-e-type=\"widget\" data-widget_type=\"image.default\">\n\t\t\t\t\t\t\t\t\t\t\t\t\t\t\t\t<a href=\"https:\/\/margauxseon.fr\/?page_id=295\">\n\t\t\t\t\t\t\t<img decoding=\"async\" width=\"768\" height=\"512\" src=\"https:\/\/margauxseon.fr\/wp-content\/uploads\/2026\/04\/commParlons300DPI\u00a9LoicNys-768x512.jpg\" class=\"elementor-animation-shrink attachment-medium_large size-medium_large wp-image-671\" alt=\"\" srcset=\"https:\/\/margauxseon.fr\/wp-content\/uploads\/2026\/04\/commParlons300DPI\u00a9LoicNys-768x512.jpg 768w, https:\/\/margauxseon.fr\/wp-content\/uploads\/2026\/04\/commParlons300DPI\u00a9LoicNys-300x200.jpg 300w, https:\/\/margauxseon.fr\/wp-content\/uploads\/2026\/04\/commParlons300DPI\u00a9LoicNys-1024x683.jpg 1024w, https:\/\/margauxseon.fr\/wp-content\/uploads\/2026\/04\/commParlons300DPI\u00a9LoicNys-1536x1024.jpg 1536w, https:\/\/margauxseon.fr\/wp-content\/uploads\/2026\/04\/commParlons300DPI\u00a9LoicNys-2048x1365.jpg 2048w\" sizes=\"(max-width: 768px) 100vw, 768px\" \/>\t\t\t\t\t\t\t\t<\/a>\n\t\t\t\t\t\t\t\t\t\t\t\t\t\t\t<\/div>\n\t\t<div class=\"elementor-element elementor-element-c980484 e-con-full e-flex e-con e-child\" data-id=\"c980484\" data-element_type=\"container\" data-e-type=\"container\">\n\t\t\t\t<div class=\"elementor-element elementor-element-1cfa4ae elementor-widget elementor-widget-heading\" data-id=\"1cfa4ae\" data-element_type=\"widget\" data-e-type=\"widget\" data-widget_type=\"heading.default\">\n\t\t\t\t\t<h4 class=\"elementor-heading-title elementor-size-default\">Parlons<\/h4>\t\t\t\t<\/div>\n\t\t\t\t<\/div>\n\t\t\t\t\t<\/div>\n\t\t\t\t<\/div>\n\t\t<div class=\"elementor-element elementor-element-15b1278 e-flex e-con-boxed e-con e-parent\" data-id=\"15b1278\" data-element_type=\"container\" data-e-type=\"container\">\n\t\t\t\t\t<div class=\"e-con-inner\">\n\t\t\t\t<div class=\"elementor-element elementor-element-b4ba505 elementor-widget elementor-widget-image\" data-id=\"b4ba505\" data-element_type=\"widget\" data-e-type=\"widget\" data-widget_type=\"image.default\">\n\t\t\t\t\t\t\t\t\t\t\t\t\t\t\t\t<a href=\"https:\/\/margauxseon.fr\/?page_id=296\">\n\t\t\t\t\t\t\t<img decoding=\"async\" width=\"768\" height=\"432\" src=\"https:\/\/margauxseon.fr\/wp-content\/uploads\/2026\/04\/vlcsnap-2024-09-22-19h02m52s240-768x432.png\" class=\"elementor-animation-shrink attachment-medium_large size-medium_large wp-image-639\" alt=\"\" srcset=\"https:\/\/margauxseon.fr\/wp-content\/uploads\/2026\/04\/vlcsnap-2024-09-22-19h02m52s240-768x432.png 768w, https:\/\/margauxseon.fr\/wp-content\/uploads\/2026\/04\/vlcsnap-2024-09-22-19h02m52s240-300x169.png 300w, https:\/\/margauxseon.fr\/wp-content\/uploads\/2026\/04\/vlcsnap-2024-09-22-19h02m52s240-1024x576.png 1024w, https:\/\/margauxseon.fr\/wp-content\/uploads\/2026\/04\/vlcsnap-2024-09-22-19h02m52s240-1536x864.png 1536w, https:\/\/margauxseon.fr\/wp-content\/uploads\/2026\/04\/vlcsnap-2024-09-22-19h02m52s240-800x450.png 800w, https:\/\/margauxseon.fr\/wp-content\/uploads\/2026\/04\/vlcsnap-2024-09-22-19h02m52s240.png 1920w\" sizes=\"(max-width: 768px) 100vw, 768px\" \/>\t\t\t\t\t\t\t\t<\/a>\n\t\t\t\t\t\t\t\t\t\t\t\t\t\t\t<\/div>\n\t\t<div class=\"elementor-element elementor-element-e3d187b e-con-full e-flex e-con e-child\" data-id=\"e3d187b\" data-element_type=\"container\" data-e-type=\"container\">\n\t\t\t\t<div class=\"elementor-element elementor-element-59b0c3b elementor-widget elementor-widget-heading\" data-id=\"59b0c3b\" data-element_type=\"widget\" data-e-type=\"widget\" data-widget_type=\"heading.default\">\n\t\t\t\t\t<h4 class=\"elementor-heading-title elementor-size-default\">Faire le plein Amour<\/h4>\t\t\t\t<\/div>\n\t\t\t\t<\/div>\n\t\t\t\t\t<\/div>\n\t\t\t\t<\/div>\n\t\t<div class=\"elementor-element elementor-element-e1d8fcb e-flex e-con-boxed e-con e-parent\" data-id=\"e1d8fcb\" data-element_type=\"container\" data-e-type=\"container\">\n\t\t\t\t\t<div class=\"e-con-inner\">\n\t\t\t\t<div class=\"elementor-element elementor-element-bb9bbc1 elementor-widget elementor-widget-heading\" data-id=\"bb9bbc1\" data-element_type=\"widget\" data-e-type=\"widget\" data-widget_type=\"heading.default\">\n\t\t\t\t\t<h2 class=\"elementor-heading-title elementor-size-default\">Prochaines dates<\/h2>\t\t\t\t<\/div>\n\t\t\t\t\t<\/div>\n\t\t\t\t<\/div>\n\t\t<div class=\"elementor-element elementor-element-d8c6ed9 e-flex e-con-boxed e-con e-parent\" data-id=\"d8c6ed9\" data-element_type=\"container\" data-e-type=\"container\">\n\t\t\t\t\t<div class=\"e-con-inner\">\n\t\t\t\t<div class=\"elementor-element elementor-element-7aa68c8 elementor-widget-divider--view-line elementor-widget elementor-widget-divider\" data-id=\"7aa68c8\" data-element_type=\"widget\" data-e-type=\"widget\" data-widget_type=\"divider.default\">\n\t\t\t\t\t\t\t<div class=\"elementor-divider\">\n\t\t\t<span class=\"elementor-divider-separator\">\n\t\t\t\t\t\t<\/span>\n\t\t<\/div>\n\t\t\t\t\t\t<\/div>\n\t\t\t\t\t<\/div>\n\t\t\t\t<\/div>\n\t\t<div class=\"elementor-element elementor-element-d028355 e-flex e-con-boxed e-con e-parent\" data-id=\"d028355\" data-element_type=\"container\" data-e-type=\"container\">\n\t\t\t\t\t<div class=\"e-con-inner\">\n\t\t\t\t<div class=\"elementor-element elementor-element-f713742 elementor-widget elementor-widget-text-editor\" data-id=\"f713742\" data-element_type=\"widget\" data-e-type=\"widget\" data-widget_type=\"text-editor.default\">\n\t\t\t\t\t\t\t\t\t<p><span style=\"text-decoration: underline;\"><strong>2026<\/strong><\/span><\/p><p>7.01 \/\/ La Meute &#8211; La route des 20 &#8211; Vals les bains (07)<\/p><p>11.01 \/\/ La Meute &#8211; La Fabrik &#8211; Chazelles sur Lyon (69)<\/p><p>19.03 \/\/ La Meute &#8211; Le scarab\u00e9e &#8211; Chamb\u00e9ry (73)<\/p><p>20.03 \/\/ La Meute &#8211; Bar Radis &#8211; Grenoble (38)<\/p><p>25.03 \/\/ La Meute &#8211; Le Noktamb\u00fcl &#8211; Rennes (35)<\/p><p>26.03 \/\/ La Meute \/\/ Les Roches blanches &#8211; Douarnenez (29)<\/p><p>27.03 \/\/ La Meute &#8211; L&rsquo;Ath\u00e9na &#8211; Ergu\u00e9 Gab\u00e9ric (56)<\/p><p>28.03 \/\/ La Meute &#8211; Ty Coz &#8211; Morlaix (29)<\/p><p>29.03 \/\/ La Meute &#8211; Le chaland qui passe &#8211; Binic (22)<\/p><p>6 au 10.03 \/\/ La Meute &#8211; r\u00e9sidence de cr\u00e9ation &#8211; Th\u00e9\u00e2tre d&rsquo;Aurillac (15)<\/p><p>18 et 19.04 \/\/ Faire le plein Amour &#8211; Festival le Grand d\u00e9gel &#8211; Rennes (35)<\/p><p>4 au 8.05 \/\/ Parlons &#8211; r\u00e9sidence de reprise &#8211; Toulouse (31)<\/p><p>6.06 \/\/ Parlons &#8211; Maison de la Parole &#8211; Fabrezan (11)<\/p><p>7.06 \/\/ Parlons &#8211; Au rythme de ma rue &#8211; P\u00e9lissanne (13)<\/p><p>13.06 \/\/ Parlons &#8211; Boun&rsquo;festival &#8211; Bauduen (83)<\/p><p>21.06 \/\/ La Meute &#8211; Festival Les Invites &#8211; Villeurbanne (69)<\/p><p>3 au 5.07 \/\/ Les Pervenches Cie Transe express &#8211; D\u00fcsseldorf (GE)<\/p><p>10.07 \/\/ La Meute &#8211; Le super petit march\u00e9 &#8211; Chalencon (07)<\/p><p>11 et 12.07 \/\/ La Meute &#8211; Festival Po\u00e9sie en arrosoir &#8211; Cernier (CH)<\/p><p>2.08 \/\/ Parlons &#8211; Auberge du bec de Villard &#8211; Villar-d&rsquo;Ar\u00eane (05)<\/p><p>4 et 5.08 \/\/ Parlons &#8211; Serre Chevalier (05)<\/p><p>7.08 \/\/ Parlons &#8211; Festival en Bastides &#8211; Villefranches de Rouergue (12)<\/p><p>8 et 9.08 \/\/ Parlons &#8211; Festival Font&rsquo;arts &#8211; Pernes les Fontaines (84)<\/p><p>4 au 6.09 \/\/ Faire le plein Amour &#8211; Tregrom (22)<\/p><p>27.09 \/\/ Parlons &#8211; La friche \u00e0 Mimi &#8211; Montpellier (34)<\/p><p>16.10 \/\/ La Meute &#8211; Festival Jacques Brel &#8211; Vesoul (70)<\/p><p>26 au 30.10 \/\/ La Meute &#8211; R\u00e9sidence de cr\u00e9ation &#8211; Th\u00e9\u00e2tre Edwige Feuill\u00e8re &#8211; Vesoul (70)<\/p><p>31.10 \/\/ La Meute &#8211; Caf\u00e9 du soleil &#8211; Saignel\u00e9gier (CH)<\/p><p>8 au 10.12 \/\/ La Meute &#8211; R\u00e9sidence de cr\u00e9ation &#8211; La fraternelle &#8211; St claude (39)<\/p><p><span style=\"text-decoration: underline;\"><strong>2027<\/strong><\/span><\/p><p>19 au 25.04 \/\/ La Meute &#8211; r\u00e9sidence de cr\u00e9ation &#8211; Train th\u00e9\u00e2tre &#8211; Portes l\u00e8s Valence (26)<\/p><p>24.04 \/\/ La Meute &#8211; 1\u00e8re de la nouvelle cr\u00e9ation &#8211; Train th\u00e9\u00e2tre &#8211; Portes l\u00e8s Valence (26)<\/p>\t\t\t\t\t\t\t\t<\/div>\n\t\t\t\t<div class=\"elementor-element elementor-element-10e033d elementor-widget elementor-widget-image\" data-id=\"10e033d\" data-element_type=\"widget\" data-e-type=\"widget\" data-widget_type=\"image.default\">\n\t\t\t\t\t\t\t\t\t\t\t\t<figure class=\"wp-caption\">\n\t\t\t\t\t\t\t\t\t\t<img loading=\"lazy\" decoding=\"async\" width=\"768\" height=\"512\" src=\"https:\/\/margauxseon.fr\/wp-content\/uploads\/2026\/04\/2025-septembre-Fulgurance-J3-HD-41-768x512.jpg\" class=\"attachment-medium_large size-medium_large wp-image-198\" alt=\"\" srcset=\"https:\/\/margauxseon.fr\/wp-content\/uploads\/2026\/04\/2025-septembre-Fulgurance-J3-HD-41-768x512.jpg 768w, https:\/\/margauxseon.fr\/wp-content\/uploads\/2026\/04\/2025-septembre-Fulgurance-J3-HD-41-300x200.jpg 300w, https:\/\/margauxseon.fr\/wp-content\/uploads\/2026\/04\/2025-septembre-Fulgurance-J3-HD-41-1024x683.jpg 1024w, https:\/\/margauxseon.fr\/wp-content\/uploads\/2026\/04\/2025-septembre-Fulgurance-J3-HD-41-1536x1024.jpg 1536w, https:\/\/margauxseon.fr\/wp-content\/uploads\/2026\/04\/2025-septembre-Fulgurance-J3-HD-41-2048x1365.jpg 2048w\" sizes=\"(max-width: 768px) 100vw, 768px\" \/>\t\t\t\t\t\t\t\t\t\t\t<figcaption class=\"widget-image-caption wp-caption-text\">photo : Pacale Cholette<\/figcaption>\n\t\t\t\t\t\t\t\t\t\t<\/figure>\n\t\t\t\t\t\t\t\t\t<\/div>\n\t\t\t\t\t<\/div>\n\t\t\t\t<\/div>\n\t\t<div class=\"elementor-element elementor-element-0f5dcd2 e-flex e-con-boxed e-con e-parent\" data-id=\"0f5dcd2\" data-element_type=\"container\" data-e-type=\"container\">\n\t\t\t\t\t<div class=\"e-con-inner\">\n\t\t\t\t<div class=\"elementor-element elementor-element-569ee3a elementor-widget elementor-widget-heading\" data-id=\"569ee3a\" data-element_type=\"widget\" data-e-type=\"widget\" data-widget_type=\"heading.default\">\n\t\t\t\t\t<h2 class=\"elementor-heading-title elementor-size-default\">contact<\/h2>\t\t\t\t<\/div>\n\t\t\t\t\t<\/div>\n\t\t\t\t<\/div>\n\t\t<div class=\"elementor-element elementor-element-8335ef2 e-flex e-con-boxed e-con e-parent\" data-id=\"8335ef2\" data-element_type=\"container\" data-e-type=\"container\">\n\t\t\t\t\t<div class=\"e-con-inner\">\n\t\t\t\t<div class=\"elementor-element elementor-element-3efb688 elementor-widget-divider--view-line elementor-widget elementor-widget-divider\" data-id=\"3efb688\" data-element_type=\"widget\" data-e-type=\"widget\" data-widget_type=\"divider.default\">\n\t\t\t\t\t\t\t<div class=\"elementor-divider\">\n\t\t\t<span class=\"elementor-divider-separator\">\n\t\t\t\t\t\t<\/span>\n\t\t<\/div>\n\t\t\t\t\t\t<\/div>\n\t\t\t\t\t<\/div>\n\t\t\t\t<\/div>\n\t\t<div class=\"elementor-element elementor-element-553bc93 e-flex e-con-boxed e-con e-parent\" data-id=\"553bc93\" data-element_type=\"container\" data-e-type=\"container\">\n\t\t\t\t\t<div class=\"e-con-inner\">\n\t\t\t\t<div class=\"elementor-element elementor-element-4ec9df2 elementor-widget elementor-widget-text-editor\" data-id=\"4ec9df2\" data-element_type=\"widget\" data-e-type=\"widget\" data-widget_type=\"text-editor.default\">\n\t\t\t\t\t\t\t\t\t<h4>margaux.seon@gmail.com<\/h4><p>bas\u00e9e en Bretagne \/ Dr\u00f4me<\/p>\t\t\t\t\t\t\t\t<\/div>\n\t\t\t\t\t<\/div>\n\t\t\t\t<\/div>\n\t\t\t\t<\/div>\n\t\t","protected":false},"excerpt":{"rendered":"<p>Projets du moment La Meute Parlons Faire le plein Amour Prochaines dates 2026 7.01 \/\/ La Meute &#8211; La route des 20 &#8211; Vals les bains (07) 11.01 \/\/ La Meute &#8211; La Fabrik &#8211; Chazelles sur Lyon (69) 19.03 \/\/ La Meute &#8211; Le scarab\u00e9e &#8211; Chamb\u00e9ry (73) 20.03 \/\/ La Meute &#8211; Bar [&hellip;]<\/p>\n","protected":false},"author":1,"featured_media":0,"parent":0,"menu_order":0,"comment_status":"closed","ping_status":"closed","template":"","meta":{"ocean_post_layout":"","ocean_both_sidebars_style":"","ocean_both_sidebars_content_width":0,"ocean_both_sidebars_sidebars_width":0,"ocean_sidebar":"","ocean_second_sidebar":"","ocean_disable_margins":"enable","ocean_add_body_class":"","ocean_shortcode_before_top_bar":"","ocean_shortcode_after_top_bar":"","ocean_shortcode_before_header":"","ocean_shortcode_after_header":"","ocean_has_shortcode":"","ocean_shortcode_after_title":"","ocean_shortcode_before_footer_widgets":"","ocean_shortcode_after_footer_widgets":"","ocean_shortcode_before_footer_bottom":"","ocean_shortcode_after_footer_bottom":"","ocean_display_top_bar":"default","ocean_display_header":"default","ocean_header_style":"","ocean_center_header_left_menu":"","ocean_custom_header_template":"","ocean_custom_logo":0,"ocean_custom_retina_logo":0,"ocean_custom_logo_max_width":0,"ocean_custom_logo_tablet_max_width":0,"ocean_custom_logo_mobile_max_width":0,"ocean_custom_logo_max_height":0,"ocean_custom_logo_tablet_max_height":0,"ocean_custom_logo_mobile_max_height":0,"ocean_header_custom_menu":"","ocean_menu_typo_font_family":"","ocean_menu_typo_font_subset":"","ocean_menu_typo_font_size":0,"ocean_menu_typo_font_size_tablet":0,"ocean_menu_typo_font_size_mobile":0,"ocean_menu_typo_font_size_unit":"px","ocean_menu_typo_font_weight":"","ocean_menu_typo_font_weight_tablet":"","ocean_menu_typo_font_weight_mobile":"","ocean_menu_typo_transform":"","ocean_menu_typo_transform_tablet":"","ocean_menu_typo_transform_mobile":"","ocean_menu_typo_line_height":0,"ocean_menu_typo_line_height_tablet":0,"ocean_menu_typo_line_height_mobile":0,"ocean_menu_typo_line_height_unit":"","ocean_menu_typo_spacing":0,"ocean_menu_typo_spacing_tablet":0,"ocean_menu_typo_spacing_mobile":0,"ocean_menu_typo_spacing_unit":"","ocean_menu_link_color":"","ocean_menu_link_color_hover":"","ocean_menu_link_color_active":"","ocean_menu_link_background":"","ocean_menu_link_hover_background":"","ocean_menu_link_active_background":"","ocean_menu_social_links_bg":"","ocean_menu_social_hover_links_bg":"","ocean_menu_social_links_color":"","ocean_menu_social_hover_links_color":"","ocean_disable_title":"default","ocean_disable_heading":"default","ocean_post_title":"","ocean_post_subheading":"","ocean_post_title_style":"","ocean_post_title_background_color":"","ocean_post_title_background":0,"ocean_post_title_bg_image_position":"","ocean_post_title_bg_image_attachment":"","ocean_post_title_bg_image_repeat":"","ocean_post_title_bg_image_size":"","ocean_post_title_height":0,"ocean_post_title_bg_overlay":0.5,"ocean_post_title_bg_overlay_color":"","ocean_disable_breadcrumbs":"default","ocean_breadcrumbs_color":"","ocean_breadcrumbs_separator_color":"","ocean_breadcrumbs_links_color":"","ocean_breadcrumbs_links_hover_color":"","ocean_display_footer_widgets":"default","ocean_display_footer_bottom":"default","ocean_custom_footer_template":"","footnotes":""},"class_list":["post-13","page","type-page","status-publish","hentry","entry"],"_links":{"self":[{"href":"https:\/\/margauxseon.fr\/index.php?rest_route=\/wp\/v2\/pages\/13","targetHints":{"allow":["GET"]}}],"collection":[{"href":"https:\/\/margauxseon.fr\/index.php?rest_route=\/wp\/v2\/pages"}],"about":[{"href":"https:\/\/margauxseon.fr\/index.php?rest_route=\/wp\/v2\/types\/page"}],"author":[{"embeddable":true,"href":"https:\/\/margauxseon.fr\/index.php?rest_route=\/wp\/v2\/users\/1"}],"replies":[{"embeddable":true,"href":"https:\/\/margauxseon.fr\/index.php?rest_route=%2Fwp%2Fv2%2Fcomments&post=13"}],"version-history":[{"count":104,"href":"https:\/\/margauxseon.fr\/index.php?rest_route=\/wp\/v2\/pages\/13\/revisions"}],"predecessor-version":[{"id":734,"href":"https:\/\/margauxseon.fr\/index.php?rest_route=\/wp\/v2\/pages\/13\/revisions\/734"}],"wp:attachment":[{"href":"https:\/\/margauxseon.fr\/index.php?rest_route=%2Fwp%2Fv2%2Fmedia&parent=13"}],"curies":[{"name":"wp","href":"https:\/\/api.w.org\/{rel}","templated":true}]}}